{"id":4178,"date":"2025-10-22T12:56:37","date_gmt":"2025-10-22T10:56:37","guid":{"rendered":"https:\/\/groupe-altair.com\/les-talents\/"},"modified":"2026-02-06T18:01:44","modified_gmt":"2026-02-06T17:01:44","slug":"los-talentos","status":"publish","type":"page","link":"https:\/\/groupe-altair.com\/es\/los-talentos\/","title":{"rendered":"Los talentos"},"content":{"rendered":"<!-- intro__label est optionnel, selon la banni\u00e8re. \u00e0 supprimer si pas besoin -->\n<section class=\"intro\">\n\n    <div class=\"intro__wrapper wrapper-10\">\n        <div class=\"container\">\n            <div class=\"intro__content\">\n                <h2><span>Nuestra<\/span> cultura<\/h2>\n                <div class=\"intro__text\">\n                    <p>Nuestra <strong>cultura de empresa<\/strong> rige la forma en que interactuamos entre nosotros, con nuestros clientes y con la sociedad en general. Esta cultura est\u00e1 firmemente <strong>ligada a nuestra historia y es esencial para el \u00e9xito sostenible de nuestra empresa.<\/strong> Se apoya en valores clave que nos permiten <strong>construir relaciones s\u00f3lidas<\/strong>, <strong>fomentar la creatividad<\/strong> y <strong>enfrentar juntos los desaf\u00edos<\/strong>, a la vez que contribuimos positivamente a nuestro entorno y nuestra comunidad.<\/p>\n                                    <\/div>\n            <\/div>\n        <\/div>\n    <\/div>\n\n    <div class=\"intro__bg\">\n        <img decoding=\"async\" src=\"https:\/\/groupe-altair.com\/wp-content\/uploads\/2025\/12\/altair-banner-talent.png\" alt=\"\" class=\"intro__img\">\n            <\/div>\n\n<\/section>\n\n<section id=\"valores\" class=\"values wrapper-10\">\n    <div class=\"values__wrapper\">\n\n        <div class=\"values__heading\">\n            <h2>Los valores <span>de la empresa<\/span><\/h2>\n        <\/div>\n\n        <div class=\"values__inner row\">\n            <div class=\"dropdowns drop-capital\">\n                                <div class=\"dropdown\">\n                    <div class=\"dropdown__title\">\n                        <div class=\"letter\">\n                            R                        <\/div>\n                        <h3>\n                            <strong>Respetar a las personas y al planeta <\/strong>\n                            Respetar a las personas y al planeta                        <\/h3>\n                        <button><\/button>\n                    <\/div>\n                                        <div class=\"dropdown__content\">\n                        <div>\n                            <ul>\n                                                                    <li>Tratamos a los dem\u00e1s como nos gustar\u00eda que nos trataran a nosotros.<\/li>\n                                                                    <li>Actuamos dentro de nuestro \u00e1mbito de responsabilidad para proteger el medio ambiente<\/li>\n                                                            <\/ul>\n                        <\/div>\n                    <\/div>\n                                    <\/div>\n                                <div class=\"dropdown\">\n                    <div class=\"dropdown__title\">\n                        <div class=\"letter\">\n                            I                        <\/div>\n                        <h3>\n                            <strong>Innovate &amp; inspire<\/strong>\n                            Innovar e inspirar                        <\/h3>\n                        <button><\/button>\n                    <\/div>\n                                        <div class=\"dropdown__content\">\n                        <div>\n                            <ul>\n                                                                    <li>Cuestionamos el statu quo<\/li>\n                                                                    <li>Tenemos el valor de ser los art\u00edfices de un cambio positivo<\/li>\n                                                            <\/ul>\n                        <\/div>\n                    <\/div>\n                                    <\/div>\n                                <div class=\"dropdown\">\n                    <div class=\"dropdown__title\">\n                        <div class=\"letter\">\n                            G                        <\/div>\n                        <h3>\n                            <strong>Get things done<\/strong>\n                            Pasar a la acci\u00f3n                        <\/h3>\n                        <button><\/button>\n                    <\/div>\n                                        <div class=\"dropdown__content\">\n                        <div>\n                            <ul>\n                                                                    <li>Nos enfocamos en los <strong>resultados<\/strong><\/li>\n                                                                    <li>Priorizamos la <strong>agilidad<\/strong> y el <strong>pragmatismo<\/strong> frente a la b\u00fasqueda de la perfecci\u00f3n<\/li>\n                                                            <\/ul>\n                        <\/div>\n                    <\/div>\n                                    <\/div>\n                                <div class=\"dropdown\">\n                    <div class=\"dropdown__title\">\n                        <div class=\"letter\">\n                            H                        <\/div>\n                        <h3>\n                            <strong>Harness collective power<\/strong>\n                            Movilizar la fuerza colectiva                        <\/h3>\n                        <button><\/button>\n                    <\/div>\n                                        <div class=\"dropdown__content\">\n                        <div>\n                            <ul>\n                                                                    <li>Juntos llegamos m\u00e1s lejos y m\u00e1s r\u00e1pido<\/li>\n                                                                    <li>Valoramos plenamente las sinergias y las competencias del grupo<\/li>\n                                                            <\/ul>\n                        <\/div>\n                    <\/div>\n                                    <\/div>\n                                <div class=\"dropdown\">\n                    <div class=\"dropdown__title\">\n                        <div class=\"letter\">\n                            T                        <\/div>\n                        <h3>\n                            <strong>Take commitment<\/strong>\n                            Comprometerse                        <\/h3>\n                        <button><\/button>\n                    <\/div>\n                                        <div class=\"dropdown__content\">\n                        <div>\n                            <ul>\n                                                                    <li>Asumimos la responsabilidad de nuestros actos<\/li>\n                                                                    <li>Nos implicamos plenamente para alcanzar nuestros objetivos<\/li>\n                                                            <\/ul>\n                        <\/div>\n                    <\/div>\n                                    <\/div>\n                            <\/div>\n            <figure>\n                <img decoding=\"async\" src=\"https:\/\/groupe-altair.com\/wp-content\/uploads\/2025\/10\/altair-values-right.webp\" alt=\"\">\n            <\/figure>\n        <\/div>\n    <\/div>\n<\/section>\n\n\n<div class=\"wp-block-group section-bg\"><div class=\"wp-block-group__inner-container is-layout-constrained wp-block-group-is-layout-constrained\"><section class=\"text-icon wrapper-10\">\n    <div class=\"text-icon__wrapper row\">\n\n        <div class=\"text-icon__content\">\n            <h2>Certificaci\u00f3n Great Place to Work<\/h2>\n            <div class=\"text-icon__text\">\n                <p>Nos enorgullece haber obtenido la certificaci\u00f3n Great Place to Work, una referencia mundial que distingue a las empresas que ofrecen un buen ambiente de trabajo. M\u00e1s all\u00e1 de un simple reconocimiento, esta certificaci\u00f3n es una herramienta esencial para entender las expectativas individuales y establecer medidas concretas de mejora. <\/p>\n<p>Nuestras iniciativas incluyen la calidad de vida en el trabajo, las pr\u00e1cticas directivas, as\u00ed como nuestro compromiso social y medioambiental.<\/p>\n            <\/div>\n        <\/div>\n\n        <figure>\n            <img decoding=\"async\" src=\"https:\/\/groupe-altair.com\/wp-content\/uploads\/2025\/10\/altair-label-great-place-to-work.svg\" alt=\"\">\n        <\/figure>\n\n    <\/div>\n<\/section><\/div><\/div>\n\n\n<section class=\"quote container wrapper-10\">\n    <div class=\"quote__wrapper row\">\n\n        <div class=\"quote__img\">\n            <figure>\n                <img decoding=\"async\" src=\"https:\/\/groupe-altair.com\/wp-content\/uploads\/2025\/10\/altair-emilie-sapelier.webp\" alt=\"\">\n            <\/figure>\n        <\/div>\n\n        <blockquote>\n            <p>Es esencial para nosotros dar voz a todos los colaboradores para tomarle el pulso a los equipos y medir la eficacia de los planes de acci\u00f3n desplegados. Tambi\u00e9n es un excelente recurso para idear soluciones que tal vez no habr\u00edamos imaginado. <\/p>\n            <p>\n                <span>\u00c9milie SAPELIER<\/span>\n                                    <span>Directora RRHH en Brunel<\/span>\n                            <\/p>\n        <\/blockquote>\n\n    <\/div>\n<\/section>\n\n\n<div class=\"wp-block-group section-bg\"><div class=\"wp-block-group__inner-container is-layout-constrained wp-block-group-is-layout-constrained\"><section id=\"ofertas\" class=\"dropdowns wrapper-10\">\n    <div class=\"dropdowns__wrapper\">\n        <div class=\"dropdowns__heading\">\n            <h2>Nuestras ofertas de empleo<\/h2>\n            <p>\n                En Alta\u00efr, nuestros 450 colaboradores son los pilares del crecimiento y del \u00e9xito del Grupo. Cada a\u00f1o, reclutamos nuevos talentos para reforzar nuestros equipos apasionados y comprometidos. Descubre aqu\u00ed todos los puestos disponibles actualmente.              <\/p>        <\/div>\n\n                    <div class=\"dropdowns__filter-wrapper\">\n                <select id=\"job-filter\" class=\"cta job-select\">\n                    <option value=\"all\">Tipo de contrato<\/option>\n                                    <\/select>\n            <\/div>\n\n        <div class=\"dropdowns__list\">\n                            <p>No hay ofertas de empleo disponibles por ahora.<\/p>\n                    <\/div>\n\n                    <a href=\"https:\/\/groupe-altair.com\/contact\/\" class=\"cta\"\n               target=\"_self\">\n                Candidatura espont\u00e1nea            <\/a>\n        \n        \n\n    <\/div>\n<\/section><\/div><\/div>\n","protected":false},"excerpt":{"rendered":"","protected":false},"author":1,"featured_media":0,"parent":0,"menu_order":0,"comment_status":"closed","ping_status":"closed","template":"","meta":{"_acf_changed":false,"footnotes":""},"class_list":["post-4178","page","type-page","status-publish","hentry"],"acf":[],"yoast_head":"<!-- This site is optimized with the Yoast SEO plugin v27.3 - https:\/\/yoast.com\/product\/yoast-seo-wordpress\/ -->\n<title>Los talentos - Groupe Alta\u00efr<\/title>\n<meta name=\"robots\" content=\"index, follow, max-snippet:-1, max-image-preview:large, max-video-preview:-1\" \/>\n<link rel=\"canonical\" href=\"https:\/\/groupe-altair.com\/es\/los-talentos\/\" \/>\n<meta property=\"og:locale\" content=\"es_ES\" \/>\n<meta property=\"og:type\" content=\"article\" \/>\n<meta property=\"og:title\" content=\"Los talentos - Groupe Alta\u00efr\" \/>\n<meta property=\"og:url\" content=\"https:\/\/groupe-altair.com\/es\/los-talentos\/\" \/>\n<meta property=\"og:site_name\" content=\"Groupe Alta\u00efr\" \/>\n<meta property=\"article:modified_time\" content=\"2026-02-06T17:01:44+00:00\" \/>\n<meta name=\"twitter:card\" content=\"summary_large_image\" \/>\n<script type=\"application\/ld+json\" class=\"yoast-schema-graph\">{\"@context\":\"https:\\\/\\\/schema.org\",\"@graph\":[{\"@type\":\"WebPage\",\"@id\":\"https:\\\/\\\/groupe-altair.com\\\/es\\\/los-talentos\\\/\",\"url\":\"https:\\\/\\\/groupe-altair.com\\\/es\\\/los-talentos\\\/\",\"name\":\"Los talentos - Groupe Alta\u00efr\",\"isPartOf\":{\"@id\":\"https:\\\/\\\/groupe-altair.com\\\/es\\\/#website\"},\"datePublished\":\"2025-10-22T10:56:37+00:00\",\"dateModified\":\"2026-02-06T17:01:44+00:00\",\"breadcrumb\":{\"@id\":\"https:\\\/\\\/groupe-altair.com\\\/es\\\/los-talentos\\\/#breadcrumb\"},\"inLanguage\":\"es\",\"potentialAction\":[{\"@type\":\"ReadAction\",\"target\":[\"https:\\\/\\\/groupe-altair.com\\\/es\\\/los-talentos\\\/\"]}]},{\"@type\":\"BreadcrumbList\",\"@id\":\"https:\\\/\\\/groupe-altair.com\\\/es\\\/los-talentos\\\/#breadcrumb\",\"itemListElement\":[{\"@type\":\"ListItem\",\"position\":1,\"name\":\"Inicio\",\"item\":\"https:\\\/\\\/groupe-altair.com\\\/es\\\/\"},{\"@type\":\"ListItem\",\"position\":2,\"name\":\"Los talentos\"}]},{\"@type\":\"WebSite\",\"@id\":\"https:\\\/\\\/groupe-altair.com\\\/es\\\/#website\",\"url\":\"https:\\\/\\\/groupe-altair.com\\\/es\\\/\",\"name\":\"Alta\u00efr\",\"description\":\"Clean The Right Way\",\"publisher\":{\"@id\":\"https:\\\/\\\/groupe-altair.com\\\/es\\\/#organization\"},\"potentialAction\":[{\"@type\":\"SearchAction\",\"target\":{\"@type\":\"EntryPoint\",\"urlTemplate\":\"https:\\\/\\\/groupe-altair.com\\\/es\\\/?s={search_term_string}\"},\"query-input\":{\"@type\":\"PropertyValueSpecification\",\"valueRequired\":true,\"valueName\":\"search_term_string\"}}],\"inLanguage\":\"es\"},{\"@type\":\"Organization\",\"@id\":\"https:\\\/\\\/groupe-altair.com\\\/es\\\/#organization\",\"name\":\"Alta\u00efr\",\"url\":\"https:\\\/\\\/groupe-altair.com\\\/es\\\/\",\"logo\":{\"@type\":\"ImageObject\",\"inLanguage\":\"es\",\"@id\":\"https:\\\/\\\/groupe-altair.com\\\/es\\\/#\\\/schema\\\/logo\\\/image\\\/\",\"url\":\"https:\\\/\\\/groupe-altair.com\\\/wp-content\\\/uploads\\\/2025\\\/11\\\/altair-logo-slogan.svg\",\"contentUrl\":\"https:\\\/\\\/groupe-altair.com\\\/wp-content\\\/uploads\\\/2025\\\/11\\\/altair-logo-slogan.svg\",\"width\":132,\"height\":71,\"caption\":\"Alta\u00efr\"},\"image\":{\"@id\":\"https:\\\/\\\/groupe-altair.com\\\/es\\\/#\\\/schema\\\/logo\\\/image\\\/\"}}]}<\/script>\n<!-- \/ Yoast SEO plugin. -->","yoast_head_json":{"title":"Los talentos - Groupe Alta\u00efr","robots":{"index":"index","follow":"follow","max-snippet":"max-snippet:-1","max-image-preview":"max-image-preview:large","max-video-preview":"max-video-preview:-1"},"canonical":"https:\/\/groupe-altair.com\/es\/los-talentos\/","og_locale":"es_ES","og_type":"article","og_title":"Los talentos - Groupe Alta\u00efr","og_url":"https:\/\/groupe-altair.com\/es\/los-talentos\/","og_site_name":"Groupe Alta\u00efr","article_modified_time":"2026-02-06T17:01:44+00:00","twitter_card":"summary_large_image","schema":{"@context":"https:\/\/schema.org","@graph":[{"@type":"WebPage","@id":"https:\/\/groupe-altair.com\/es\/los-talentos\/","url":"https:\/\/groupe-altair.com\/es\/los-talentos\/","name":"Los talentos - Groupe Alta\u00efr","isPartOf":{"@id":"https:\/\/groupe-altair.com\/es\/#website"},"datePublished":"2025-10-22T10:56:37+00:00","dateModified":"2026-02-06T17:01:44+00:00","breadcrumb":{"@id":"https:\/\/groupe-altair.com\/es\/los-talentos\/#breadcrumb"},"inLanguage":"es","potentialAction":[{"@type":"ReadAction","target":["https:\/\/groupe-altair.com\/es\/los-talentos\/"]}]},{"@type":"BreadcrumbList","@id":"https:\/\/groupe-altair.com\/es\/los-talentos\/#breadcrumb","itemListElement":[{"@type":"ListItem","position":1,"name":"Inicio","item":"https:\/\/groupe-altair.com\/es\/"},{"@type":"ListItem","position":2,"name":"Los talentos"}]},{"@type":"WebSite","@id":"https:\/\/groupe-altair.com\/es\/#website","url":"https:\/\/groupe-altair.com\/es\/","name":"Alta\u00efr","description":"Clean The Right Way","publisher":{"@id":"https:\/\/groupe-altair.com\/es\/#organization"},"potentialAction":[{"@type":"SearchAction","target":{"@type":"EntryPoint","urlTemplate":"https:\/\/groupe-altair.com\/es\/?s={search_term_string}"},"query-input":{"@type":"PropertyValueSpecification","valueRequired":true,"valueName":"search_term_string"}}],"inLanguage":"es"},{"@type":"Organization","@id":"https:\/\/groupe-altair.com\/es\/#organization","name":"Alta\u00efr","url":"https:\/\/groupe-altair.com\/es\/","logo":{"@type":"ImageObject","inLanguage":"es","@id":"https:\/\/groupe-altair.com\/es\/#\/schema\/logo\/image\/","url":"https:\/\/groupe-altair.com\/wp-content\/uploads\/2025\/11\/altair-logo-slogan.svg","contentUrl":"https:\/\/groupe-altair.com\/wp-content\/uploads\/2025\/11\/altair-logo-slogan.svg","width":132,"height":71,"caption":"Alta\u00efr"},"image":{"@id":"https:\/\/groupe-altair.com\/es\/#\/schema\/logo\/image\/"}}]}},"_links":{"self":[{"href":"https:\/\/groupe-altair.com\/es\/wp-json\/wp\/v2\/pages\/4178","targetHints":{"allow":["GET"]}}],"collection":[{"href":"https:\/\/groupe-altair.com\/es\/wp-json\/wp\/v2\/pages"}],"about":[{"href":"https:\/\/groupe-altair.com\/es\/wp-json\/wp\/v2\/types\/page"}],"author":[{"embeddable":true,"href":"https:\/\/groupe-altair.com\/es\/wp-json\/wp\/v2\/users\/1"}],"replies":[{"embeddable":true,"href":"https:\/\/groupe-altair.com\/es\/wp-json\/wp\/v2\/comments?post=4178"}],"version-history":[{"count":7,"href":"https:\/\/groupe-altair.com\/es\/wp-json\/wp\/v2\/pages\/4178\/revisions"}],"predecessor-version":[{"id":4521,"href":"https:\/\/groupe-altair.com\/es\/wp-json\/wp\/v2\/pages\/4178\/revisions\/4521"}],"wp:attachment":[{"href":"https:\/\/groupe-altair.com\/es\/wp-json\/wp\/v2\/media?parent=4178"}],"curies":[{"name":"wp","href":"https:\/\/api.w.org\/{rel}","templated":true}]}}