{"id":4209,"date":"2025-10-22T12:52:13","date_gmt":"2025-10-22T10:52:13","guid":{"rendered":"https:\/\/groupe-altair.com\/accueil\/"},"modified":"2026-04-17T15:03:05","modified_gmt":"2026-04-17T13:03:05","slug":"accueil","status":"publish","type":"page","link":"https:\/\/groupe-altair.com\/es\/","title":{"rendered":"Inicio"},"content":{"rendered":"    <section class=\"brands\">\n                    <div class=\"brands__title row\">\n                                    <h2>Las <strong>marcas<\/strong><\/h2>\n                                                    <p>En Alta\u00efr, ponemos todo nuestro empe\u00f1o en convertir cada hogar en un espacio armonioso, saludable y sostenible. A trav\u00e9s de nuestras marcas emblem\u00e1ticas, desarrollamos soluciones que combinan innovaci\u00f3n, rendimiento y respeto por el medio ambiente, para un mantenimiento responsable y de alta calidad.<\/p>\n                            <\/div>\n        \n        <div class=\"brands__wrapper\">\n            <div class=\"brands__inner brands__inner--first\">\n                                    <figure class=\"brand\">\n                        <img decoding=\"async\" src=\"https:\/\/groupe-altair.com\/wp-content\/uploads\/2025\/10\/logo-starwax.svg\" alt=\"Logo de starwax\">\n                    <\/figure>\n                                    <figure class=\"brand\">\n                        <img decoding=\"async\" src=\"https:\/\/groupe-altair.com\/wp-content\/uploads\/2025\/10\/logo-briochin.svg\" alt=\"Logo de briochin\">\n                    <\/figure>\n                                    <figure class=\"brand\">\n                        <img decoding=\"async\" src=\"https:\/\/groupe-altair.com\/wp-content\/uploads\/2025\/10\/logo-marcels-green-soap.svg\" alt=\"Logo de marcels-green-soap\">\n                    <\/figure>\n                                    <figure class=\"brand\">\n                        <img decoding=\"async\" src=\"https:\/\/groupe-altair.com\/wp-content\/uploads\/2025\/11\/logo_kpro.svg\" alt=\"Logo de kpro\">\n                    <\/figure>\n                            <\/div>\n\n            <div class=\"brands__inner brands__inner--grid\">\n                                    <figure class=\"brand\">\n                        <img decoding=\"async\" src=\"https:\/\/groupe-altair.com\/wp-content\/uploads\/2025\/10\/logo-sinto.svg\" alt=\"Logo de sinto\">\n                    <\/figure>\n                                    <figure class=\"brand\">\n                        <img decoding=\"async\" src=\"https:\/\/groupe-altair.com\/wp-content\/uploads\/2025\/10\/logo-oro.svg\" alt=\"Logo de oro\">\n                    <\/figure>\n                                    <figure class=\"brand\">\n                        <img decoding=\"async\" src=\"https:\/\/groupe-altair.com\/wp-content\/uploads\/2025\/10\/logo-tenn.svg\" alt=\"Logo de tenn\">\n                    <\/figure>\n                                    <figure class=\"brand\">\n                        <img decoding=\"async\" src=\"https:\/\/groupe-altair.com\/wp-content\/uploads\/2025\/11\/Logo-Harris.svg\" alt=\"Logo de  Harris\">\n                    <\/figure>\n                                    <figure class=\"brand\">\n                        <img decoding=\"async\" src=\"https:\/\/groupe-altair.com\/wp-content\/uploads\/2025\/11\/Logo_mistol.svg\" alt=\"Logo de mistol\">\n                    <\/figure>\n                            <\/div>\n        <\/div>\n    <\/section>\n\n\n<section class=\"slider\">\n    <div class=\"swiper\">\n        <div class=\"swiper-wrapper\">\n\n                                            <div class=\"slider__item swiper-slide slide-1 \" >\n                                            <img decoding=\"async\" src=\"https:\/\/groupe-altair.com\/wp-content\/uploads\/2025\/10\/altair-slider-briochin.webp\" alt=\"\" \/>\n                                        <div class=\"slider__content container\">\n                        <div class=\"row\">\n                            <div class=\"slider__text\">\n                                <h2>Nuestros <strong>compromisos<\/strong><\/h2>\n                                <p>sociales, societarios y medioambientales, se articulan en torno a 3 ejes.<\/p>\n                            <\/div>\n                            <div class=\"slider__buttons\">\n                                                                                                        <a href=\"https:\/\/groupe-altair.com\/es\/nuestros-compromisos\/#planeta\" class=\"cta\" target=\"_self\"\n                                       style=\"--cta-color: #74903b\"                                    >\n                                        El planeta                                    <\/a>\n                                                                        <a href=\"https:\/\/groupe-altair.com\/es\/nuestros-compromisos\/#consumidores\" class=\"cta\" target=\"_self\"\n                                       style=\"--cta-color: #74903b\"                                    >\n                                        Los consumidores                                    <\/a>\n                                                                        <a href=\"https:\/\/groupe-altair.com\/es\/nuestros-compromisos\/#colaboradores\" class=\"cta\" target=\"_self\"\n                                       style=\"--cta-color: #74903b\"                                    >\n                                        Los colaboradores                                    <\/a>\n                                                                                                <\/div>\n                        <\/div>\n                    <\/div>\n                <\/div>\n                                <div class=\"slider__item swiper-slide slide-2 slide-gradient\" style=\"--color-start:#1851b3; --color-end:#0091d7\">\n                                        <div class=\"slider__content container\">\n                        <div class=\"row\">\n                            <div class=\"slider__text\">\n                                <h2>El <strong>grupo<\/strong><\/h2>\n                                <p>Desde su creaci\u00f3n en 1946, el Grupo Alta\u00efr est\u00e1 comprometido con satisfacer sus necesidades ofreci\u00e9ndoles soluciones para embellecer, sanear, proteger y renovar sus hogares.<\/p>\n                            <\/div>\n                            <div class=\"slider__buttons\">\n                                                                                                        <a href=\"https:\/\/groupe-altair.com\/es\/el-grupo\/\" class=\"cta\" target=\"_self\"\n                                       style=\"--cta-color: #009fe3\"                                    >\n                                        M\u00e1s informaci\u00f3n                                    <\/a>\n                                                                                                <\/div>\n                        <\/div>\n                    <\/div>\n                <\/div>\n                                <div class=\"slider__item swiper-slide slide-3 \" >\n                                            <img decoding=\"async\" src=\"https:\/\/groupe-altair.com\/wp-content\/uploads\/2025\/10\/altair-slider-badge.webp\" alt=\"\" \/>\n                                        <div class=\"slider__content container\">\n                        <div class=\"row\">\n                            <div class=\"slider__text\">\n                                <h2>Los <strong>talentos<\/strong><\/h2>\n                                <p>En Alta\u00efr 490 colaboradores contribuyen al crecimiento y al \u00e9xito del grupo.<\/p>\n                            <\/div>\n                            <div class=\"slider__buttons\">\n                                                                                                        <a href=\"https:\/\/groupe-altair.com\/es\/contact\/\" class=\"cta\" target=\"_self\"\n                                       style=\"--cta-color: #2d6579\"                                    >\n                                        Trabaja con nosotros                                    <\/a>\n                                                                                                <\/div>\n                        <\/div>\n                    <\/div>\n                <\/div>\n                                    <\/div>\n        <div class=\"container slider__nav\">\n            <div class=\"row\">\n                <div class=\"swiper-pagination\"><\/div>\n            <\/div>\n        <\/div>\n    <\/div>\n<\/section>\n\n<section class=\"news\">\n    <div class=\"news__title row\">\n        <h2>La <strong>actualidad<\/strong><\/h2>\n        <p>\n            Descubra nuestras novedades, nuestras \u00faltimas innovaciones<br \/>\r\ny los eventos m\u00e1s relevantes del grupo Alta\u00efr.        <\/p>\n    <\/div>\n\n    <div class=\"news__list swiper\">\n        <div class=\"swiper-wrapper\">\n                                <div class=\"swiper-slide\">\n                            <a href=\"https:\/\/groupe-altair.com\/es\/altair-revela-su-nuevo-informe-rse\/\" class=\"article cat-60\"\n       style=\"--cat-color: #68c2a8\">\n        <div class=\"article__container\">\n\n                            <figure>\n                    <img loading=\"lazy\" decoding=\"async\" width=\"1920\" height=\"1281\" src=\"https:\/\/groupe-altair.com\/wp-content\/uploads\/2025\/11\/altair-rapport-rse.webp\" class=\"attachment-full size-full wp-post-image\" alt=\"\" srcset=\"https:\/\/groupe-altair.com\/wp-content\/uploads\/2025\/11\/altair-rapport-rse.webp 1920w, https:\/\/groupe-altair.com\/wp-content\/uploads\/2025\/11\/altair-rapport-rse-300x200.webp 300w, https:\/\/groupe-altair.com\/wp-content\/uploads\/2025\/11\/altair-rapport-rse-1024x683.webp 1024w, https:\/\/groupe-altair.com\/wp-content\/uploads\/2025\/11\/altair-rapport-rse-768x512.webp 768w, https:\/\/groupe-altair.com\/wp-content\/uploads\/2025\/11\/altair-rapport-rse-1536x1025.webp 1536w\" sizes=\"auto, (max-width: 1920px) 100vw, 1920px\" \/>                <\/figure>\n            \n            <figcaption>\n                                    <span class=\"article__cat\" style=\"color: #68c2a8\">\n                        RSE                    <\/span>\n                \n                <div class=\"article__content\">\n                    <div class=\"article__title\">\n                        <span class=\"article__date\">15 de noviembre de 2025<\/span>\n                        <h3>Alta\u00efr revela su nuevo informe RSE<\/h3>\n                        <span class=\"article__subtitle\"><\/span>\n                    <\/div>\n                    <button class=\"article__btn\">Leer m\u00e1s<\/button>\n                <\/div>\n            <\/figcaption>\n        <\/div>\n    <\/a>\n                    <\/div>\n                                    <div class=\"swiper-slide\">\n                            <a href=\"https:\/\/groupe-altair.com\/es\/starwax-lanza-sus-destructores-de-olores\/\" class=\"article cat-61\"\n       style=\"--cat-color: #f5ca26\">\n        <div class=\"article__container\">\n\n                            <figure>\n                    <img loading=\"lazy\" decoding=\"async\" width=\"2560\" height=\"2560\" src=\"https:\/\/groupe-altair.com\/wp-content\/uploads\/2025\/11\/STARWAX-scaled.jpg\" class=\"attachment-full size-full wp-post-image\" alt=\"\" srcset=\"https:\/\/groupe-altair.com\/wp-content\/uploads\/2025\/11\/STARWAX-scaled.jpg 2560w, https:\/\/groupe-altair.com\/wp-content\/uploads\/2025\/11\/STARWAX-300x300.jpg 300w, https:\/\/groupe-altair.com\/wp-content\/uploads\/2025\/11\/STARWAX-1024x1024.jpg 1024w, https:\/\/groupe-altair.com\/wp-content\/uploads\/2025\/11\/STARWAX-150x150.jpg 150w, https:\/\/groupe-altair.com\/wp-content\/uploads\/2025\/11\/STARWAX-768x768.jpg 768w, https:\/\/groupe-altair.com\/wp-content\/uploads\/2025\/11\/STARWAX-1536x1536.jpg 1536w, https:\/\/groupe-altair.com\/wp-content\/uploads\/2025\/11\/STARWAX-2048x2048.jpg 2048w\" sizes=\"auto, (max-width: 2560px) 100vw, 2560px\" \/>                <\/figure>\n            \n            <figcaption>\n                                    <span class=\"article__cat\" style=\"color: #f5ca26\">\n                        Innovaci\u00f3n                    <\/span>\n                \n                <div class=\"article__content\">\n                    <div class=\"article__title\">\n                        <span class=\"article__date\">14 de noviembre de 2025<\/span>\n                        <h3>Starwax lanza sus destructores de olores<\/h3>\n                        <span class=\"article__subtitle\"><\/span>\n                    <\/div>\n                    <button class=\"article__btn\">Leer m\u00e1s<\/button>\n                <\/div>\n            <\/figcaption>\n        <\/div>\n    <\/a>\n                    <\/div>\n                                    <div class=\"swiper-slide\">\n                            <a href=\"https:\/\/groupe-altair.com\/es\/altair-refuerza-su-capacidad-industrial\/\" class=\"article cat-63\"\n       style=\"--cat-color: #dd7bb7\">\n        <div class=\"article__container\">\n\n                            <figure>\n                    <img loading=\"lazy\" decoding=\"async\" width=\"1600\" height=\"1067\" src=\"https:\/\/groupe-altair.com\/wp-content\/uploads\/2025\/11\/USINE.jpg\" class=\"attachment-full size-full wp-post-image\" alt=\"\" srcset=\"https:\/\/groupe-altair.com\/wp-content\/uploads\/2025\/11\/USINE.jpg 1600w, https:\/\/groupe-altair.com\/wp-content\/uploads\/2025\/11\/USINE-300x200.jpg 300w, https:\/\/groupe-altair.com\/wp-content\/uploads\/2025\/11\/USINE-1024x683.jpg 1024w, https:\/\/groupe-altair.com\/wp-content\/uploads\/2025\/11\/USINE-768x512.jpg 768w, https:\/\/groupe-altair.com\/wp-content\/uploads\/2025\/11\/USINE-1536x1024.jpg 1536w\" sizes=\"auto, (max-width: 1600px) 100vw, 1600px\" \/>                <\/figure>\n            \n            <figcaption>\n                                    <span class=\"article__cat\" style=\"color: #dd7bb7\">\n                        Vida empresarial                    <\/span>\n                \n                <div class=\"article__content\">\n                    <div class=\"article__title\">\n                        <span class=\"article__date\">13 de noviembre de 2025<\/span>\n                        <h3>Alta\u00efr refuerza su capacidad industrial<\/h3>\n                        <span class=\"article__subtitle\"><\/span>\n                    <\/div>\n                    <button class=\"article__btn\">Leer m\u00e1s<\/button>\n                <\/div>\n            <\/figcaption>\n        <\/div>\n    <\/a>\n                    <\/div>\n                                    <div class=\"swiper-slide\">\n                            <a href=\"https:\/\/groupe-altair.com\/es\/k-pro-lanza-hexa-trap\/\" class=\"article cat-61\"\n       style=\"--cat-color: #f5ca26\">\n        <div class=\"article__container\">\n\n                            <figure>\n                    <img loading=\"lazy\" decoding=\"async\" width=\"2000\" height=\"2000\" src=\"https:\/\/groupe-altair.com\/wp-content\/uploads\/2025\/11\/K.PRO_.jpg\" class=\"attachment-full size-full wp-post-image\" alt=\"\" srcset=\"https:\/\/groupe-altair.com\/wp-content\/uploads\/2025\/11\/K.PRO_.jpg 2000w, https:\/\/groupe-altair.com\/wp-content\/uploads\/2025\/11\/K.PRO_-300x300.jpg 300w, https:\/\/groupe-altair.com\/wp-content\/uploads\/2025\/11\/K.PRO_-1024x1024.jpg 1024w, https:\/\/groupe-altair.com\/wp-content\/uploads\/2025\/11\/K.PRO_-150x150.jpg 150w, https:\/\/groupe-altair.com\/wp-content\/uploads\/2025\/11\/K.PRO_-768x768.jpg 768w, https:\/\/groupe-altair.com\/wp-content\/uploads\/2025\/11\/K.PRO_-1536x1536.jpg 1536w\" sizes=\"auto, (max-width: 2000px) 100vw, 2000px\" \/>                <\/figure>\n            \n            <figcaption>\n                                    <span class=\"article__cat\" style=\"color: #f5ca26\">\n                        Innovaci\u00f3n                    <\/span>\n                \n                <div class=\"article__content\">\n                    <div class=\"article__title\">\n                        <span class=\"article__date\">13 de noviembre de 2025<\/span>\n                        <h3>K.PRO lanza Hexa Trap<\/h3>\n                        <span class=\"article__subtitle\"><\/span>\n                    <\/div>\n                    <button class=\"article__btn\">Leer m\u00e1s<\/button>\n                <\/div>\n            <\/figcaption>\n        <\/div>\n    <\/a>\n                    <\/div>\n                        <\/div>\n\n        <div class=\"swiper-nav\">\n            <div class=\"swiper-button-prev swiper-arrow\"><\/div>\n            <div class=\"swiper-button-next swiper-arrow\"><\/div>\n        <\/div>\n    <\/div>\n<\/section>\n\n<section class=\"keys\">\n\n            <div class=\"keys__title row\">\n            <h2>Cifras clave<\/h2>\n        <\/div>\n        <div class=\"keys__list row\">\n\n                                    <div class=\"key\">\n                    <div class=\"key__number\" data-number=\"190\">\n                        <span>0<\/span> M\u20ac<br \/>\r\n<strong>de facturaci\u00f3n en 2025<\/strong>                    <\/div>\n                <\/div>\n\n                            <div class=\"key\">\n                    <div class=\"key__number\" data-number=\"9\">\n                        <span>0<\/span><br \/>\r\n<strong>marcas<\/strong>                    <\/div>\n                <\/div>\n\n                            <div class=\"key\">\n                    <div class=\"key__number\" data-number=\"45\">\n                        Presente en<br \/>\r\n<span>0<\/span> <strong>pa\u00edses<\/strong>                    <\/div>\n                <\/div>\n\n                            <div class=\"key\">\n                    <div class=\"key__number\" data-number=\"3\">\n                        <span>0<\/span> centros de<br \/>\r\n<strong>producci\u00f3n<\/strong>                    <\/div>\n                <\/div>\n\n                            <div class=\"key\">\n                    <div class=\"key__number\" data-number=\"490\">\n                        <span>0<\/span><br \/>\r\n<strong>colaboradores<\/strong>                    <\/div>\n                <\/div>\n\n                        <\/div>\n<\/section>","protected":false},"excerpt":{"rendered":"","protected":false},"author":1,"featured_media":0,"parent":0,"menu_order":0,"comment_status":"closed","ping_status":"closed","template":"","meta":{"_acf_changed":false,"footnotes":""},"class_list":["post-4209","page","type-page","status-publish","hentry"],"acf":[],"yoast_head":"<!-- This site is optimized with the Yoast SEO plugin v27.4 - https:\/\/yoast.com\/product\/yoast-seo-wordpress\/ -->\n<title>Inicio - Groupe Alta\u00efr<\/title>\n<meta name=\"robots\" content=\"index, follow, max-snippet:-1, max-image-preview:large, max-video-preview:-1\" \/>\n<link rel=\"canonical\" href=\"https:\/\/groupe-altair.com\/es\/\" \/>\n<meta property=\"og:locale\" content=\"es_ES\" \/>\n<meta property=\"og:type\" content=\"article\" \/>\n<meta property=\"og:title\" content=\"Inicio - Groupe Alta\u00efr\" \/>\n<meta property=\"og:url\" content=\"https:\/\/groupe-altair.com\/es\/\" \/>\n<meta property=\"og:site_name\" content=\"Groupe Alta\u00efr\" \/>\n<meta property=\"article:modified_time\" content=\"2026-04-17T13:03:05+00:00\" \/>\n<meta name=\"twitter:card\" content=\"summary_large_image\" \/>\n<script type=\"application\/ld+json\" class=\"yoast-schema-graph\">{\"@context\":\"https:\\\/\\\/schema.org\",\"@graph\":[{\"@type\":\"WebPage\",\"@id\":\"https:\\\/\\\/groupe-altair.com\\\/es\\\/\",\"url\":\"https:\\\/\\\/groupe-altair.com\\\/es\\\/\",\"name\":\"Inicio - Groupe Alta\u00efr\",\"isPartOf\":{\"@id\":\"https:\\\/\\\/groupe-altair.com\\\/es\\\/#website\"},\"datePublished\":\"2025-10-22T10:52:13+00:00\",\"dateModified\":\"2026-04-17T13:03:05+00:00\",\"breadcrumb\":{\"@id\":\"https:\\\/\\\/groupe-altair.com\\\/es\\\/#breadcrumb\"},\"inLanguage\":\"es\",\"potentialAction\":[{\"@type\":\"ReadAction\",\"target\":[\"https:\\\/\\\/groupe-altair.com\\\/es\\\/\"]}]},{\"@type\":\"BreadcrumbList\",\"@id\":\"https:\\\/\\\/groupe-altair.com\\\/es\\\/#breadcrumb\",\"itemListElement\":[{\"@type\":\"ListItem\",\"position\":1,\"name\":\"Inicio\",\"item\":\"https:\\\/\\\/groupe-altair.com\\\/es\\\/\"},{\"@type\":\"ListItem\",\"position\":2,\"name\":\"Inicio\"}]},{\"@type\":\"WebSite\",\"@id\":\"https:\\\/\\\/groupe-altair.com\\\/es\\\/#website\",\"url\":\"https:\\\/\\\/groupe-altair.com\\\/es\\\/\",\"name\":\"Alta\u00efr\",\"description\":\"Clean The Right Way\",\"publisher\":{\"@id\":\"https:\\\/\\\/groupe-altair.com\\\/es\\\/#organization\"},\"potentialAction\":[{\"@type\":\"SearchAction\",\"target\":{\"@type\":\"EntryPoint\",\"urlTemplate\":\"https:\\\/\\\/groupe-altair.com\\\/es\\\/?s={search_term_string}\"},\"query-input\":{\"@type\":\"PropertyValueSpecification\",\"valueRequired\":true,\"valueName\":\"search_term_string\"}}],\"inLanguage\":\"es\"},{\"@type\":\"Organization\",\"@id\":\"https:\\\/\\\/groupe-altair.com\\\/es\\\/#organization\",\"name\":\"Alta\u00efr\",\"url\":\"https:\\\/\\\/groupe-altair.com\\\/es\\\/\",\"logo\":{\"@type\":\"ImageObject\",\"inLanguage\":\"es\",\"@id\":\"https:\\\/\\\/groupe-altair.com\\\/es\\\/#\\\/schema\\\/logo\\\/image\\\/\",\"url\":\"https:\\\/\\\/groupe-altair.com\\\/wp-content\\\/uploads\\\/2025\\\/11\\\/altair-logo-slogan.svg\",\"contentUrl\":\"https:\\\/\\\/groupe-altair.com\\\/wp-content\\\/uploads\\\/2025\\\/11\\\/altair-logo-slogan.svg\",\"width\":132,\"height\":71,\"caption\":\"Alta\u00efr\"},\"image\":{\"@id\":\"https:\\\/\\\/groupe-altair.com\\\/es\\\/#\\\/schema\\\/logo\\\/image\\\/\"}}]}<\/script>\n<!-- \/ Yoast SEO plugin. -->","yoast_head_json":{"title":"Inicio - Groupe Alta\u00efr","robots":{"index":"index","follow":"follow","max-snippet":"max-snippet:-1","max-image-preview":"max-image-preview:large","max-video-preview":"max-video-preview:-1"},"canonical":"https:\/\/groupe-altair.com\/es\/","og_locale":"es_ES","og_type":"article","og_title":"Inicio - Groupe Alta\u00efr","og_url":"https:\/\/groupe-altair.com\/es\/","og_site_name":"Groupe Alta\u00efr","article_modified_time":"2026-04-17T13:03:05+00:00","twitter_card":"summary_large_image","schema":{"@context":"https:\/\/schema.org","@graph":[{"@type":"WebPage","@id":"https:\/\/groupe-altair.com\/es\/","url":"https:\/\/groupe-altair.com\/es\/","name":"Inicio - Groupe Alta\u00efr","isPartOf":{"@id":"https:\/\/groupe-altair.com\/es\/#website"},"datePublished":"2025-10-22T10:52:13+00:00","dateModified":"2026-04-17T13:03:05+00:00","breadcrumb":{"@id":"https:\/\/groupe-altair.com\/es\/#breadcrumb"},"inLanguage":"es","potentialAction":[{"@type":"ReadAction","target":["https:\/\/groupe-altair.com\/es\/"]}]},{"@type":"BreadcrumbList","@id":"https:\/\/groupe-altair.com\/es\/#breadcrumb","itemListElement":[{"@type":"ListItem","position":1,"name":"Inicio","item":"https:\/\/groupe-altair.com\/es\/"},{"@type":"ListItem","position":2,"name":"Inicio"}]},{"@type":"WebSite","@id":"https:\/\/groupe-altair.com\/es\/#website","url":"https:\/\/groupe-altair.com\/es\/","name":"Alta\u00efr","description":"Clean The Right Way","publisher":{"@id":"https:\/\/groupe-altair.com\/es\/#organization"},"potentialAction":[{"@type":"SearchAction","target":{"@type":"EntryPoint","urlTemplate":"https:\/\/groupe-altair.com\/es\/?s={search_term_string}"},"query-input":{"@type":"PropertyValueSpecification","valueRequired":true,"valueName":"search_term_string"}}],"inLanguage":"es"},{"@type":"Organization","@id":"https:\/\/groupe-altair.com\/es\/#organization","name":"Alta\u00efr","url":"https:\/\/groupe-altair.com\/es\/","logo":{"@type":"ImageObject","inLanguage":"es","@id":"https:\/\/groupe-altair.com\/es\/#\/schema\/logo\/image\/","url":"https:\/\/groupe-altair.com\/wp-content\/uploads\/2025\/11\/altair-logo-slogan.svg","contentUrl":"https:\/\/groupe-altair.com\/wp-content\/uploads\/2025\/11\/altair-logo-slogan.svg","width":132,"height":71,"caption":"Alta\u00efr"},"image":{"@id":"https:\/\/groupe-altair.com\/es\/#\/schema\/logo\/image\/"}}]}},"_links":{"self":[{"href":"https:\/\/groupe-altair.com\/es\/wp-json\/wp\/v2\/pages\/4209","targetHints":{"allow":["GET"]}}],"collection":[{"href":"https:\/\/groupe-altair.com\/es\/wp-json\/wp\/v2\/pages"}],"about":[{"href":"https:\/\/groupe-altair.com\/es\/wp-json\/wp\/v2\/types\/page"}],"author":[{"embeddable":true,"href":"https:\/\/groupe-altair.com\/es\/wp-json\/wp\/v2\/users\/1"}],"replies":[{"embeddable":true,"href":"https:\/\/groupe-altair.com\/es\/wp-json\/wp\/v2\/comments?post=4209"}],"version-history":[{"count":4,"href":"https:\/\/groupe-altair.com\/es\/wp-json\/wp\/v2\/pages\/4209\/revisions"}],"predecessor-version":[{"id":4736,"href":"https:\/\/groupe-altair.com\/es\/wp-json\/wp\/v2\/pages\/4209\/revisions\/4736"}],"wp:attachment":[{"href":"https:\/\/groupe-altair.com\/es\/wp-json\/wp\/v2\/media?parent=4209"}],"curies":[{"name":"wp","href":"https:\/\/api.w.org\/{rel}","templated":true}]}}