{"id":4146,"date":"2025-10-29T15:27:34","date_gmt":"2025-10-29T14:27:34","guid":{"rendered":"https:\/\/groupe-altair.com\/mentions-legales\/"},"modified":"2026-02-09T11:30:28","modified_gmt":"2026-02-09T10:30:28","slug":"informacje-prawne","status":"publish","type":"page","link":"https:\/\/groupe-altair.com\/pl\/informacje-prawne\/","title":{"rendered":"Informacje prawne"},"content":{"rendered":"\n<h2 class=\"wp-block-heading\">Responsable du site<\/h2>\n\n\n\n<p>ALTAIR SAS Soci\u00e9t\u00e9 anonyme simplifi\u00e9e au capital de 18 075 953,50\u20ac dont le si\u00e8ge social est situ\u00e9 16 rue Harald stammbach \u00e0 WASQUEHAL (59290) et immatricul\u00e9e au RCS LILLE METROPOLE sous le num\u00e9ro B.818.381.857.<br>Pr\u00e9sident : Etienne Sacilotto<br>T\u00e9l : +33 (0) 3 20 43 21 80 \u2013 Fax : +33 (0) 3 20 43 21 90<br>Pour nous contacter, utilisez de pr\u00e9f\u00e9rence le formulaire de contact du site en\u00a0<a href=\"https:\/\/groupe-altair.com\/nous-contacter\/\">cliquant ici<\/a>.<\/p>\n\n\n\n<h3 class=\"wp-block-heading\">Site \u00e9dit\u00e9 par :<\/h3>\n\n\n\n<p><strong>ALTAIR S.A.S.<\/strong><br>Zone industrielle de la Pilaterie<br>16, rue Harald Stammbach<br>59290 WASQUEHAL<br>RCS LILLE B 818 381 857<br>T\u00e9l : +33 (0) 3 20 43 21 80 \u2013 Fax : +33 (0) 3 20 43 21 90<\/p>\n\n\n\n<h2 class=\"wp-block-heading\">Les donn\u00e9es personnelles<\/h2>\n\n\n\n<p>La soci\u00e9t\u00e9 ALTAIR S.A.S. \u00e9ditrice du site groupe-altair.com, s\u2019engage \u00e0 respecter votre vie priv\u00e9e et \u00e0 prot\u00e9ger la confidentialit\u00e9 des informations fournies, conform\u00e9ment \u00e0 la r\u00e9glementation en vigueur, notamment en application de la loi Informatique et Libert\u00e9s (loi 78-17 du 6 janvier 1978 ci-apr\u00e8s loi CNIL) et du R\u00e8glement G\u00e9n\u00e9ral sur la Protection des Donn\u00e9es (r\u00e8glement 2016\/679 du 27 avril 2016 ci-apr\u00e8s RGPD).<\/p>\n\n\n\n<h3 class=\"wp-block-heading\">Qui collecte vos donn\u00e9es personnelles ?<\/h3>\n\n\n\n<p>La soci\u00e9t\u00e9 qui collecte les donn\u00e9es \u00e0 caract\u00e8re personnel et&nbsp;assure leurs traitements est :<\/p>\n\n\n\n<p><strong>ALTAIR S.A.S.<\/strong><br>Zone industrielle de la Pilaterie<br>16, rue Harald Stammbach<br>59290 WASQUEHAL<br>RCS LILLE B 818 381 857<br>T\u00e9l : +33 (0) 3 20 43 21 80 \u2013 Fax : +33 (0) 3 20 43 21 90<\/p>\n\n\n\n<h3 class=\"wp-block-heading\">Pourquoi collectons-nous vos donn\u00e9es personnelles ?<\/h3>\n\n\n\n<p>En vertu de la r\u00e8glementation sur la protection des donn\u00e9es,&nbsp;<strong>ALTAIR S.A.S.<\/strong>&nbsp;n\u2019est autoris\u00e9e \u00e0 utiliser les donn\u00e9es personnelles de ses utilisateurs que si elle dispose d\u2019une base juridique valable, telles que :<\/p>\n\n\n\n<ul class=\"wp-block-list\">\n<li>L\u2019ex\u00e9cution d\u2019un contrat (par exemple\u00a0: traiter et ex\u00e9cuter une commande)<\/li>\n\n\n\n<li>L\u2019ex\u00e9cution d\u2019une obligation l\u00e9gale (par exemple :\u00a0conserver les factures)<\/li>\n\n\n\n<li>L\u2019int\u00e9r\u00eat l\u00e9gitime\u00a0d\u2019ALTAIR S.A.S. (pr\u00e9vention de la fraude, marketing direct, partage de donn\u00e9es au sein du groupe\u00a0ALTAIR)<\/li>\n\n\n\n<li>Le consentement expr\u00e8s de l\u2019utilisateur<\/li>\n<\/ul>\n\n\n\n<p>Ainsi, les diff\u00e9rentes donn\u00e9es collect\u00e9es par ALTAIR S.A.S. (donn\u00e9es d\u2019identification, de contact, d\u2019usage, de connexion\u2026) le sont pour les utilisations suivantes :<\/p>\n\n\n\n<ul class=\"wp-block-list\">\n<li>Gestion des demandes (t\u00e9l\u00e9phone, email), provenant notamment de notre formulaire de contact en page d\u2019accueil<\/li>\n\n\n\n<li>Mesure de fr\u00e9quentation du site, \u00e9tablissement de statistiques<\/li>\n<\/ul>\n\n\n\n<h3 class=\"wp-block-heading\">Qui traite ou a acc\u00e8s \u00e0 vos donn\u00e9es personnelles ?<\/h3>\n\n\n\n<p>Vos donn\u00e9es pourront \u00eatre trait\u00e9es par le personnel habilit\u00e9 de la soci\u00e9t\u00e9 ALTA\u00cfR ou de ses filiales. Elles sont aussi susceptibles&nbsp;d\u2019\u00eatre transmises \u00e0 des partenaires ou prestataires de ALTAIR S.A.S. pour son compte et selon ses instructions. ALTAIR S.A.S. fait ainsi appel \u00e0 des sous-traitants pour les op\u00e9rations suivantes :<\/p>\n\n\n\n<ul class=\"wp-block-list\">\n<li>La r\u00e9alisation d\u2019op\u00e9rations de maintenance et de d\u00e9veloppement techniques du site internet ou des syst\u00e8mes d\u2019informations de ALTAIR S.A.S.<\/li>\n<\/ul>\n\n\n\n<p><strong>ALTAIR S.A.S.&nbsp;<\/strong>pourrait \u00e9galement partager les donn\u00e9es personnelles si la structure de la soci\u00e9t\u00e9 venait \u00e0 changer : vente, transfert ou fusion de l\u2019entreprise ou d\u2019une partie de celle-ci, ou si ALTAIR S.A.S. acquiert ou fusionne avec une autre soci\u00e9t\u00e9. Si une telle transaction devait avoir lieu, ALTAIR S.A.S. s\u2019assurera que l\u2019autre partie respecte la l\u00e9gislation sur la protection des donn\u00e9es.<\/p>\n\n\n\n<h3 class=\"wp-block-heading\">Comment vous opposer \u00e0 l\u2019envoi de sollicitations commerciales ?<\/h3>\n\n\n\n<p><strong>ALTAIR S.A.S.<\/strong>&nbsp;n\u2019utilise pas les coordonn\u00e9es que vous auriez pu nous communiquer sur le site www.groupe-altair.com pour vous adresser des publicit\u00e9s cibl\u00e9e, que ce soit par email, sms, sur des sites tiers ou sur les r\u00e9seaux sociaux.<\/p>\n\n\n\n<h3 class=\"wp-block-heading\">Combien de temps conservons nous vos donn\u00e9es sont-elles conserv\u00e9es ?<\/h3>\n\n\n\n<p><strong>ALTAIR S.A.S.<\/strong>&nbsp;a d\u00e9fini des dur\u00e9es pr\u00e9cises de conservation des donn\u00e9es personnelles en fonction de la finalit\u00e9 de traitement des donn\u00e9es ou de la base juridique de celle-ci. Pour plus d\u2019informations sur les dur\u00e9es de conservation, vous pouvez contacter ALTAIR S.A.S. via le&nbsp;<a href=\"https:\/\/groupe-altair.com\/nous-contacter\/\">formulaire de contact<\/a>.<\/p>\n\n\n\n<h3 class=\"wp-block-heading\">Quelles mesures de s\u00e9curit\u00e9 sont pr\u00e9vues pour prot\u00e9ger vos donn\u00e9es personnelles ?<\/h3>\n\n\n\n<p>En tant que responsable de traitement,&nbsp;<strong>ALTAIR S.A.S.<\/strong>&nbsp;prend toutes les&nbsp;mesures techniques et organisationnelles utiles pour pr\u00e9server la s\u00e9curit\u00e9 et la confidentialit\u00e9 des donn\u00e9es et notamment, emp\u00eacher qu\u2019elles soient d\u00e9form\u00e9es, endommag\u00e9es, ou que des tiers non autoris\u00e9s y aient acc\u00e8s. En cas de recours \u00e0 des sous-traitants, ALTAIR S.A.S. s\u2019assure du respect par ceux-ci des r\u00e8gles li\u00e9es \u00e0 la protection des donn\u00e9es.<\/p>\n\n\n\n<h3 class=\"wp-block-heading\">Quels sont vos droits sur vos donn\u00e9es personnelles ?<\/h3>\n\n\n\n<p>En application des articles 14 \u00e0 22 du r\u00e8glement 2016\/679 du 27 avril 2016, toute personne physique utilisant le service a la facult\u00e9 d\u2019exercer les droits suivants&nbsp;:<\/p>\n\n\n\n<ul class=\"wp-block-list\">\n<li>Droit d\u2019acc\u00e8s<\/li>\n\n\n\n<li>Droit de rectification<\/li>\n\n\n\n<li>Droit d\u2019opposition et d\u2019effacement au traitement de ses donn\u00e9es<\/li>\n\n\n\n<li>Droit d\u2019opposition au profilage<\/li>\n\n\n\n<li>Droit \u00e0 la limitation du traitement<\/li>\n\n\n\n<li>Droit \u00e0 la portabilit\u00e9 de ses donn\u00e9es<\/li>\n\n\n\n<li>Droit de d\u00e9finir des directives relatives au sort de vos donn\u00e9es \u00e0 caract\u00e8re personnel apr\u00e8s votre mort<\/li>\n<\/ul>\n\n\n\n<p>En cas de violation de donn\u00e9es \u00e0 caract\u00e8re personnel susceptible d\u2019engendrer un risque \u00e9lev\u00e9 pour vos droits et libert\u00e9s, vous serez inform\u00e9 de cette violation dans les meilleurs d\u00e9lais.<\/p>\n\n\n\n<h3 class=\"wp-block-heading\">Comment exercer en pratique vos droits sur vos donn\u00e9es personnelles ?<\/h3>\n\n\n\n<p>Vos droits peuvent \u00eatre exerc\u00e9s en&nbsp;contactant la soci\u00e9t\u00e9&nbsp;<strong>ALTAIR S.A.S.<\/strong>&nbsp;:<\/p>\n\n\n\n<ul class=\"wp-block-list\">\n<li>Par courrier en indiquant votre nom et pr\u00e9nom, votre adresse postale et votre adresse mail et en l\u2019envoyant \u00e0 l\u2019adresse : Groupe Altair \u2013 16 rue Harald Stammbach \u2013 59 290 WASQUEHAL<\/li>\n\n\n\n<li>Par internet en nous \u00e9crivant via\u00a0<a href=\"https:\/\/groupe-altair.com\/nous-contacter\/\">notre formulaire de contact<\/a>.<\/li>\n<\/ul>\n\n\n\n<p>Afin de prot\u00e9ger vos donn\u00e9es personnelles, toute demande doit \u00e9galement \u00eatre accompagn\u00e9e d\u2019un justificatif d\u2019identit\u00e9.<\/p>\n\n\n\n<h2 class=\"wp-block-heading\">Les cookies<\/h2>\n\n\n\n<h3 class=\"wp-block-heading\">Qu\u2019est-ce qu\u2019un cookie ?<\/h3>\n\n\n\n<p>Le terme cookie englobe plusieurs technologies permettant d\u2019op\u00e9rer un suivi de navigation ou une analyse comportementale de l\u2019internaute. Ces technologies sont multiples et en constante \u00e9volution. Il existe notamment, les cookies, tag, pixel, code Javascript. Le cookie http qui est actuellement la technologie la plus utilis\u00e9e, est un petit fichier texte enregistr\u00e9 par le navigateur de votre ordinateur, tablette ou smartphone et qui permet de conserver des donn\u00e9es utilisateur afin de faciliter la navigation et de permettre certaines fonctionnalit\u00e9s.<\/p>\n\n\n\n<p>Il existe deux types de cookies :<\/p>\n\n\n\n<ul class=\"wp-block-list\">\n<li>les cookies first party, d\u00e9pos\u00e9s par Alta\u00eer pour les besoins de la navigation et du fonctionnement du site<\/li>\n\n\n\n<li>des cookies third party, d\u00e9pos\u00e9s par des soci\u00e9t\u00e9s partenaires tierces afin d\u2019identifier vos centres d\u2019int\u00e9r\u00eat et de vous adresser des offres personnalis\u00e9es. Ces cookies third party sont directement g\u00e9r\u00e9s par les soci\u00e9t\u00e9s qui les \u00e9ditent et qui doivent \u00e9galement respecter la r\u00e8glementation sur la protection des donn\u00e9es.<\/li>\n<\/ul>\n\n\n\n<h3 class=\"wp-block-heading\">Pour quelles raisons des cookies, tags et traceurs sont-ils utilis\u00e9s ?<\/h3>\n\n\n\n<p>Les Cookies nous permettent :<\/p>\n\n\n\n<ul class=\"wp-block-list\">\n<li>D\u2019\u00e9tablir des statistiques et volumes de fr\u00e9quentation et d\u2019utilisation des diverses rubriques du site afin d\u2019am\u00e9liorer l\u2019int\u00e9r\u00eat et l\u2019ergonomie de nos services (cookies de mesure d\u2019audience). Les informations collect\u00e9es sont anonymis\u00e9es.<\/li>\n\n\n\n<li>De m\u00e9moriser des informations relatives \u00e0 un formulaire que vous avez rempli sur notre site (inscription ou acc\u00e8s \u00e0 votre compte) ou \u00e0 des produits, services ou informations que vous avez choisis sur notre site (service souscrit, contenu d\u2019un panier de commande, etc.)<\/li>\n<\/ul>\n\n\n\n<h3 class=\"wp-block-heading\">Comment param\u00e9trer le d\u00e9p\u00f4t des cookies, tags et traceurs ?<\/h3>\n\n\n\n<p>Conform\u00e9ment \u00e0 l\u2019article 32II de la loi CNIL, Alta\u00eer recueille votre consentement pr\u00e9alable au d\u00e9p\u00f4t des cookies publicitaires, de mesure d\u2019audience et de partage vers les r\u00e9seaux sociaux. Vous pouvez faire le choix \u00e0 tout moment d\u2019exprimer et de modifier vos souhaits en mati\u00e8re de cookies, par les moyens d\u00e9crits ci-dessous.<\/p>\n\n\n\n<p>Param\u00e9trage de votre logiciel de navigation<br>L\u2019internaute peut configurer son navigateur de mani\u00e8re \u00e0 ce que des cookies soient enregistr\u00e9s dans son terminal ou, au contraire, qu\u2019ils soient rejet\u00e9s, soit syst\u00e9matiquement, soit selon leur \u00e9metteur. Il peut \u00e9galement configurer son navigateur de mani\u00e8re \u00e0 ce que l\u2019acceptation ou le refus des cookies vous soient propos\u00e9s ponctuellement, avant qu\u2019un cookie soit susceptible d\u2019\u00eatre enregistr\u00e9 dans votre terminal.<\/p>\n\n\n\n<h3 class=\"wp-block-heading\">Comment exercer son choix, selon le navigateur utilis\u00e9 ?<\/h3>\n\n\n\n<p>Pour la gestion des cookies et de vos choix, la configuration de chaque navigateur est diff\u00e9rente. Elle est d\u00e9crite dans le menu d\u2019aide de votre navigateur, qui vous permettra de savoir de quelle mani\u00e8re modifier vos souhaits en mati\u00e8re de cookies.<\/p>\n\n\n\n<p>Pour Internet ExplorerTM : http:\/\/windows.microsoft.com\/fr-FR\/windows-vista\/Block-or- allow-cookies<br>Pour SafariTM : http:\/\/docs.info.apple.com\/article.html?path=Safari\/3.0\/fr\/9277.html<br>Pour ChromeTM : http:\/\/support.google.com\/chrome\/bin\/answer.py?hl=fr&amp;hlrm=en&amp;answer=95647<br>Pour FirefoxTM : http:\/\/support.mozilla.org\/fr\/kb\/Activer%20et%20d%C3%A9sactiver%20les%20cookies<br>Pour OperaTM : http:\/\/help.opera.com\/Windows\/10.20\/fr\/cookies.html<br>Param\u00e9trage du syst\u00e8me d\u2019exploitation de votre smartphone<br>Vous avez la possibilit\u00e9 de contro\u0302ler le d\u00e9po\u0302t des Cookies sur votre Smartphone dans les r\u00e8gles du syst\u00e8me d\u2019exploitation.<\/p>\n\n\n\n<p>Sur iOS : https:\/\/support.apple.com\/fr-fr\/HT201265<br>Sur Android : https:\/\/support.google.com\/chrome\/topic\/3434352<br>Pour mieux conna\u00eetre vos droits, rendez-vous sur le site de votre autorit\u00e9 de contr\u00f4le :<\/p>\n\n\n\n<p>En France, la CNIL : https:\/\/www.cnil.fr\/<br>Au Royaume Uni, l\u2019ICO : https:\/\/ico.org.uk\/<br>En Espagne, l\u2019AEPD : http:\/\/www.agpd.es\/portalwebAGPD\/index-idfr-idphp.php<br>Au Portugal, la CNPD : https:\/\/www.cnpd.pt\/index.asp<br>En Belgique, la CPVP : https:\/\/www.privacycommission.be\/fr<br>En Suisse, PFPDT : https:\/\/www.edoeb.admin.ch\/edoeb\/de\/home.html<\/p>\n","protected":false},"excerpt":{"rendered":"<p>Responsable du site ALTAIR SAS Soci\u00e9t\u00e9 anonyme simplifi\u00e9e au capital de 18 075 953,50\u20ac dont le si\u00e8ge social est situ\u00e9 16 rue Harald stammbach \u00e0 WASQUEHAL (59290) et immatricul\u00e9e au RCS LILLE METROPOLE sous le num\u00e9ro B.818.381.857.Pr\u00e9sident : Etienne SacilottoT\u00e9l : +33 (0) 3 20 43 21 80 \u2013 Fax : +33 (0) 3 20 [&hellip;]<\/p>\n","protected":false},"author":1,"featured_media":0,"parent":0,"menu_order":0,"comment_status":"closed","ping_status":"closed","template":"","meta":{"_acf_changed":false,"footnotes":""},"class_list":["post-4146","page","type-page","status-publish","hentry"],"acf":[],"yoast_head":"<!-- This site is optimized with the Yoast SEO plugin v27.3 - https:\/\/yoast.com\/product\/yoast-seo-wordpress\/ -->\n<title>Informacje prawne - Groupe Alta\u00efr<\/title>\n<meta name=\"robots\" content=\"index, follow, max-snippet:-1, max-image-preview:large, max-video-preview:-1\" \/>\n<link rel=\"canonical\" href=\"https:\/\/groupe-altair.com\/pl\/informacje-prawne\/\" \/>\n<meta property=\"og:locale\" content=\"pl_PL\" \/>\n<meta property=\"og:type\" content=\"article\" \/>\n<meta property=\"og:title\" content=\"Informacje prawne - Groupe Alta\u00efr\" \/>\n<meta property=\"og:description\" content=\"Responsable du site ALTAIR SAS Soci\u00e9t\u00e9 anonyme simplifi\u00e9e au capital de 18 075 953,50\u20ac dont le si\u00e8ge social est situ\u00e9 16 rue Harald stammbach \u00e0 WASQUEHAL (59290) et immatricul\u00e9e au RCS LILLE METROPOLE sous le num\u00e9ro B.818.381.857.Pr\u00e9sident : Etienne SacilottoT\u00e9l : +33 (0) 3 20 43 21 80 \u2013 Fax : +33 (0) 3 20 [&hellip;]\" \/>\n<meta property=\"og:url\" content=\"https:\/\/groupe-altair.com\/pl\/informacje-prawne\/\" \/>\n<meta property=\"og:site_name\" content=\"Groupe Alta\u00efr\" \/>\n<meta property=\"article:modified_time\" content=\"2026-02-09T10:30:28+00:00\" \/>\n<meta name=\"twitter:card\" content=\"summary_large_image\" \/>\n<meta name=\"twitter:label1\" content=\"Szacowany czas czytania\" \/>\n\t<meta name=\"twitter:data1\" content=\"7 minut\" \/>\n<script type=\"application\/ld+json\" class=\"yoast-schema-graph\">{\"@context\":\"https:\\\/\\\/schema.org\",\"@graph\":[{\"@type\":\"WebPage\",\"@id\":\"https:\\\/\\\/groupe-altair.com\\\/pl\\\/informacje-prawne\\\/\",\"url\":\"https:\\\/\\\/groupe-altair.com\\\/pl\\\/informacje-prawne\\\/\",\"name\":\"Informacje prawne - Groupe Alta\u00efr\",\"isPartOf\":{\"@id\":\"https:\\\/\\\/groupe-altair.com\\\/pl\\\/#website\"},\"datePublished\":\"2025-10-29T14:27:34+00:00\",\"dateModified\":\"2026-02-09T10:30:28+00:00\",\"breadcrumb\":{\"@id\":\"https:\\\/\\\/groupe-altair.com\\\/pl\\\/informacje-prawne\\\/#breadcrumb\"},\"inLanguage\":\"pl-PL\",\"potentialAction\":[{\"@type\":\"ReadAction\",\"target\":[\"https:\\\/\\\/groupe-altair.com\\\/pl\\\/informacje-prawne\\\/\"]}]},{\"@type\":\"BreadcrumbList\",\"@id\":\"https:\\\/\\\/groupe-altair.com\\\/pl\\\/informacje-prawne\\\/#breadcrumb\",\"itemListElement\":[{\"@type\":\"ListItem\",\"position\":1,\"name\":\"Start\",\"item\":\"https:\\\/\\\/groupe-altair.com\\\/pl\\\/\"},{\"@type\":\"ListItem\",\"position\":2,\"name\":\"Informacje prawne\"}]},{\"@type\":\"WebSite\",\"@id\":\"https:\\\/\\\/groupe-altair.com\\\/pl\\\/#website\",\"url\":\"https:\\\/\\\/groupe-altair.com\\\/pl\\\/\",\"name\":\"Alta\u00efr\",\"description\":\"Clean The Right Way\",\"publisher\":{\"@id\":\"https:\\\/\\\/groupe-altair.com\\\/pl\\\/#organization\"},\"potentialAction\":[{\"@type\":\"SearchAction\",\"target\":{\"@type\":\"EntryPoint\",\"urlTemplate\":\"https:\\\/\\\/groupe-altair.com\\\/pl\\\/?s={search_term_string}\"},\"query-input\":{\"@type\":\"PropertyValueSpecification\",\"valueRequired\":true,\"valueName\":\"search_term_string\"}}],\"inLanguage\":\"pl-PL\"},{\"@type\":\"Organization\",\"@id\":\"https:\\\/\\\/groupe-altair.com\\\/pl\\\/#organization\",\"name\":\"Alta\u00efr\",\"url\":\"https:\\\/\\\/groupe-altair.com\\\/pl\\\/\",\"logo\":{\"@type\":\"ImageObject\",\"inLanguage\":\"pl-PL\",\"@id\":\"https:\\\/\\\/groupe-altair.com\\\/pl\\\/#\\\/schema\\\/logo\\\/image\\\/\",\"url\":\"https:\\\/\\\/groupe-altair.com\\\/wp-content\\\/uploads\\\/2025\\\/11\\\/altair-logo-slogan.svg\",\"contentUrl\":\"https:\\\/\\\/groupe-altair.com\\\/wp-content\\\/uploads\\\/2025\\\/11\\\/altair-logo-slogan.svg\",\"width\":132,\"height\":71,\"caption\":\"Alta\u00efr\"},\"image\":{\"@id\":\"https:\\\/\\\/groupe-altair.com\\\/pl\\\/#\\\/schema\\\/logo\\\/image\\\/\"}}]}<\/script>\n<!-- \/ Yoast SEO plugin. -->","yoast_head_json":{"title":"Informacje prawne - Groupe Alta\u00efr","robots":{"index":"index","follow":"follow","max-snippet":"max-snippet:-1","max-image-preview":"max-image-preview:large","max-video-preview":"max-video-preview:-1"},"canonical":"https:\/\/groupe-altair.com\/pl\/informacje-prawne\/","og_locale":"pl_PL","og_type":"article","og_title":"Informacje prawne - Groupe Alta\u00efr","og_description":"Responsable du site ALTAIR SAS Soci\u00e9t\u00e9 anonyme simplifi\u00e9e au capital de 18 075 953,50\u20ac dont le si\u00e8ge social est situ\u00e9 16 rue Harald stammbach \u00e0 WASQUEHAL (59290) et immatricul\u00e9e au RCS LILLE METROPOLE sous le num\u00e9ro B.818.381.857.Pr\u00e9sident : Etienne SacilottoT\u00e9l : +33 (0) 3 20 43 21 80 \u2013 Fax : +33 (0) 3 20 [&hellip;]","og_url":"https:\/\/groupe-altair.com\/pl\/informacje-prawne\/","og_site_name":"Groupe Alta\u00efr","article_modified_time":"2026-02-09T10:30:28+00:00","twitter_card":"summary_large_image","twitter_misc":{"Szacowany czas czytania":"7 minut"},"schema":{"@context":"https:\/\/schema.org","@graph":[{"@type":"WebPage","@id":"https:\/\/groupe-altair.com\/pl\/informacje-prawne\/","url":"https:\/\/groupe-altair.com\/pl\/informacje-prawne\/","name":"Informacje prawne - Groupe Alta\u00efr","isPartOf":{"@id":"https:\/\/groupe-altair.com\/pl\/#website"},"datePublished":"2025-10-29T14:27:34+00:00","dateModified":"2026-02-09T10:30:28+00:00","breadcrumb":{"@id":"https:\/\/groupe-altair.com\/pl\/informacje-prawne\/#breadcrumb"},"inLanguage":"pl-PL","potentialAction":[{"@type":"ReadAction","target":["https:\/\/groupe-altair.com\/pl\/informacje-prawne\/"]}]},{"@type":"BreadcrumbList","@id":"https:\/\/groupe-altair.com\/pl\/informacje-prawne\/#breadcrumb","itemListElement":[{"@type":"ListItem","position":1,"name":"Start","item":"https:\/\/groupe-altair.com\/pl\/"},{"@type":"ListItem","position":2,"name":"Informacje prawne"}]},{"@type":"WebSite","@id":"https:\/\/groupe-altair.com\/pl\/#website","url":"https:\/\/groupe-altair.com\/pl\/","name":"Alta\u00efr","description":"Clean The Right Way","publisher":{"@id":"https:\/\/groupe-altair.com\/pl\/#organization"},"potentialAction":[{"@type":"SearchAction","target":{"@type":"EntryPoint","urlTemplate":"https:\/\/groupe-altair.com\/pl\/?s={search_term_string}"},"query-input":{"@type":"PropertyValueSpecification","valueRequired":true,"valueName":"search_term_string"}}],"inLanguage":"pl-PL"},{"@type":"Organization","@id":"https:\/\/groupe-altair.com\/pl\/#organization","name":"Alta\u00efr","url":"https:\/\/groupe-altair.com\/pl\/","logo":{"@type":"ImageObject","inLanguage":"pl-PL","@id":"https:\/\/groupe-altair.com\/pl\/#\/schema\/logo\/image\/","url":"https:\/\/groupe-altair.com\/wp-content\/uploads\/2025\/11\/altair-logo-slogan.svg","contentUrl":"https:\/\/groupe-altair.com\/wp-content\/uploads\/2025\/11\/altair-logo-slogan.svg","width":132,"height":71,"caption":"Alta\u00efr"},"image":{"@id":"https:\/\/groupe-altair.com\/pl\/#\/schema\/logo\/image\/"}}]}},"_links":{"self":[{"href":"https:\/\/groupe-altair.com\/pl\/wp-json\/wp\/v2\/pages\/4146","targetHints":{"allow":["GET"]}}],"collection":[{"href":"https:\/\/groupe-altair.com\/pl\/wp-json\/wp\/v2\/pages"}],"about":[{"href":"https:\/\/groupe-altair.com\/pl\/wp-json\/wp\/v2\/types\/page"}],"author":[{"embeddable":true,"href":"https:\/\/groupe-altair.com\/pl\/wp-json\/wp\/v2\/users\/1"}],"replies":[{"embeddable":true,"href":"https:\/\/groupe-altair.com\/pl\/wp-json\/wp\/v2\/comments?post=4146"}],"version-history":[{"count":1,"href":"https:\/\/groupe-altair.com\/pl\/wp-json\/wp\/v2\/pages\/4146\/revisions"}],"predecessor-version":[{"id":4592,"href":"https:\/\/groupe-altair.com\/pl\/wp-json\/wp\/v2\/pages\/4146\/revisions\/4592"}],"wp:attachment":[{"href":"https:\/\/groupe-altair.com\/pl\/wp-json\/wp\/v2\/media?parent=4146"}],"curies":[{"name":"wp","href":"https:\/\/api.w.org\/{rel}","templated":true}]}}