{"id":4176,"date":"2025-10-22T12:56:37","date_gmt":"2025-10-22T10:56:37","guid":{"rendered":"https:\/\/groupe-altair.com\/les-talents\/"},"modified":"2026-02-09T11:29:00","modified_gmt":"2026-02-09T10:29:00","slug":"pracownicy","status":"publish","type":"page","link":"https:\/\/groupe-altair.com\/pl\/pracownicy\/","title":{"rendered":"Pracownicy"},"content":{"rendered":"<!-- intro__label est optionnel, selon la banni\u00e8re. \u00e0 supprimer si pas besoin -->\n<section class=\"intro\">\n\n    <div class=\"intro__wrapper wrapper-10\">\n        <div class=\"container\">\n            <div class=\"intro__content\">\n                <h2><span>Nasza<\/span> kultura<\/h2>\n                <div class=\"intro__text\">\n                    <p>Nasza <strong>kultura firmowa<\/strong> wyznacza spos\u00f3b utrzymywania relacji mi\u0119dzy pracownikami, z\u00a0klientami i ze\u00a0spo\u0142ecze\u0144stwem. Jest g\u0142\u0119boko <strong>zakorzeniona w\u00a0naszej historii i niezb\u0119dna do trwa\u0142ego powodzenia przedsi\u0119biorstwa.<\/strong>\u00a0Opiera si\u0119 na <strong>kluczowych warto\u015bciach, kt\u00f3re pozwalaj\u0105 nam rozwija\u0107 solidne relacje, promowa\u0107 kreatywno\u015b\u0107 i stawia\u0107 czo\u0142a wyzwaniom<\/strong>, jednocze\u015bnie pozytywnie wp\u0142ywaj\u0105c na nasze \u015brodowisko i\u00a0spo\u0142eczno\u015b\u0107.<\/p>\n                                    <\/div>\n            <\/div>\n        <\/div>\n    <\/div>\n\n    <div class=\"intro__bg\">\n        <img decoding=\"async\" src=\"https:\/\/groupe-altair.com\/wp-content\/uploads\/2025\/12\/altair-banner-talent.png\" alt=\"\" class=\"intro__img\">\n            <\/div>\n\n<\/section>\n\n<section id=\"wartosci\" class=\"values wrapper-10\">\n    <div class=\"values__wrapper\">\n\n        <div class=\"values__heading\">\n            <h2>Warto\u015bci <span>przedsi\u0119biorstwa<\/span><\/h2>\n        <\/div>\n\n        <div class=\"values__inner row\">\n            <div class=\"dropdowns drop-capital\">\n                                <div class=\"dropdown\">\n                    <div class=\"dropdown__title\">\n                        <div class=\"letter\">\n                            R                        <\/div>\n                        <h3>\n                            <strong>Respect people &#038; planet <\/strong>\n                            Poszanowanie dla os\u00f3b i planety                        <\/h3>\n                        <button><\/button>\n                    <\/div>\n                                        <div class=\"dropdown__content\">\n                        <div>\n                            <ul>\n                                                                    <li>Traktujemy innych w taki sam spos\u00f3b, w jaki chcemy by\u0107 traktowani<\/li>\n                                                                    <li>Podejmujemy na swoim szczeblu dzia\u0142ania zmierzaj\u0105ce do ochrony \u015brodowiska<\/li>\n                                                            <\/ul>\n                        <\/div>\n                    <\/div>\n                                    <\/div>\n                                <div class=\"dropdown\">\n                    <div class=\"dropdown__title\">\n                        <div class=\"letter\">\n                            I                        <\/div>\n                        <h3>\n                            <strong>Innovate &#038; inspire<\/strong>\n                            Innowacyjno\u015b\u0107 i s\u0142u\u017cenie inspiracj\u0105                        <\/h3>\n                        <button><\/button>\n                    <\/div>\n                                        <div class=\"dropdown__content\">\n                        <div>\n                            <ul>\n                                                                    <li>Kwestionujemy istniej\u0105cy stan rzeczy<\/li>\n                                                                    <li>Mamy odwag\u0119 do bycia motorem nap\u0119dowym pozytywnych zmian<\/li>\n                                                            <\/ul>\n                        <\/div>\n                    <\/div>\n                                    <\/div>\n                                <div class=\"dropdown\">\n                    <div class=\"dropdown__title\">\n                        <div class=\"letter\">\n                            G                        <\/div>\n                        <h3>\n                            <strong>Get things done<\/strong>\n                            Przechodzenie do dzia\u0142ania                        <\/h3>\n                        <button><\/button>\n                    <\/div>\n                                        <div class=\"dropdown__content\">\n                        <div>\n                            <ul>\n                                                                    <li>Skupiamy si\u0119 na <strong>wynikach<\/strong><\/li>\n                                                                    <li>Stawiamy na <strong>zwinno\u015b\u0107<\/strong> i <strong>pragmatyczno\u015b\u0107<\/strong> w d\u0105\u017ceniu do doskona\u0142o\u015bci<\/li>\n                                                            <\/ul>\n                        <\/div>\n                    <\/div>\n                                    <\/div>\n                                <div class=\"dropdown\">\n                    <div class=\"dropdown__title\">\n                        <div class=\"letter\">\n                            H                        <\/div>\n                        <h3>\n                            <strong>Harness collective power<\/strong>\n                            Wykorzystanie wsp\u00f3lnego potencja\u0142u                        <\/h3>\n                        <button><\/button>\n                    <\/div>\n                                        <div class=\"dropdown__content\">\n                        <div>\n                            <ul>\n                                                                    <li>Wsp\u00f3lnie mo\u017cemy dzia\u0142a\u0107 szybciej i zaj\u015b\u0107 dalej<\/li>\n                                                                    <li>W pe\u0142ni doceniamy synergie i kompetencje grupy<\/li>\n                                                            <\/ul>\n                        <\/div>\n                    <\/div>\n                                    <\/div>\n                                <div class=\"dropdown\">\n                    <div class=\"dropdown__title\">\n                        <div class=\"letter\">\n                            T                        <\/div>\n                        <h3>\n                            <strong>Take commitment<\/strong>\n                            Zaanga\u017cowanie                        <\/h3>\n                        <button><\/button>\n                    <\/div>\n                                        <div class=\"dropdown__content\">\n                        <div>\n                            <ul>\n                                                                    <li>Bierzemy odpowiedzialno\u015b\u0107 za nasze dzia\u0142ania<\/li>\n                                                                    <li>W pe\u0142ni anga\u017cujemy si\u0119 w realizacj\u0119 cel\u00f3w<\/li>\n                                                            <\/ul>\n                        <\/div>\n                    <\/div>\n                                    <\/div>\n                            <\/div>\n            <figure>\n                <img decoding=\"async\" src=\"https:\/\/groupe-altair.com\/wp-content\/uploads\/2026\/02\/briochin-st-malo-027.jpg\" alt=\"\">\n            <\/figure>\n        <\/div>\n    <\/div>\n<\/section>\n\n\n<div class=\"wp-block-group section-bg\"><div class=\"wp-block-group__inner-container is-layout-constrained wp-block-group-is-layout-constrained\"><section class=\"text-icon wrapper-10\">\n    <div class=\"text-icon__wrapper row\">\n\n        <div class=\"text-icon__content\">\n            <h2>Certyfikat <span>Great Place to Work<\/span><\/h2>\n            <div class=\"text-icon__text\">\n                <p>Z dum\u0105 og\u0142aszamy, \u017ce otrzymali\u015bmy certyfikat <strong>Great Place to Work.<\/strong> Jest to powszechnie uznawany na\u00a0\u015bwiecie tytu\u0142 przyznawany przedsi\u0119biorstwom oferuj\u0105cym dobre warunki pracy. Opr\u00f3cz samego uznania, certyfikat stanowi podstawowe narz\u0119dzie <strong>pozwalaj\u0105ce zrozumie\u0107 oczekiwania wszystkich stron i prezentuj\u0105ce konkretne dzia\u0142ania poprawiaj\u0105ce warunki zatrudnienia.<\/strong><\/p>\n<p>Realizujemy inicjatywy obejmuj\u0105ce jako\u015b\u0107 \u017cycia w pracy, praktyki kierownicze oraz zaanga\u017cowanie spo\u0142eczne i \u015brodowiskowe.<\/p>\n            <\/div>\n        <\/div>\n\n        <figure>\n            <img decoding=\"async\" src=\"https:\/\/groupe-altair.com\/wp-content\/uploads\/2025\/10\/altair-label-great-place-to-work.svg\" alt=\"\">\n        <\/figure>\n\n    <\/div>\n<\/section><\/div><\/div>\n\n\n<section class=\"quote container wrapper-10\">\n    <div class=\"quote__wrapper row\">\n\n        <div class=\"quote__img\">\n            <figure>\n                <img decoding=\"async\" src=\"https:\/\/groupe-altair.com\/wp-content\/uploads\/2025\/10\/altair-emilie-sapelier.webp\" alt=\"\">\n            <\/figure>\n        <\/div>\n\n        <blockquote>\n            <p>Bardzo wa\u017cne jest dla nas, aby dawa\u0107 g\u0142os wszystkim pracownikom. Pozwala to poznawa\u0107 opinie cz\u0142onk\u00f3w zespo\u0142\u00f3w i mierzy\u0107 skuteczno\u015b\u0107 wdra\u017canych plan\u00f3w dzia\u0142ania. Jest to r\u00f3wnie\u017c cenne \u017ar\u00f3d\u0142o rozwi\u0105za\u0144, kt\u00f3rych by\u0107 mo\u017ce nie opracowaliby\u015bmy samodzielnie.<\/p>\n            <p>\n                <span>\u00c9milie SAPELIER<\/span>\n                                    <span>dyrektorka HR, Brunel<\/span>\n                            <\/p>\n        <\/blockquote>\n\n    <\/div>\n<\/section>\n\n\n<div class=\"wp-block-group section-bg\"><div class=\"wp-block-group__inner-container is-layout-constrained wp-block-group-is-layout-constrained\"><section id=\"oferty\" class=\"dropdowns wrapper-10\">\n    <div class=\"dropdowns__wrapper\">\n        <div class=\"dropdowns__heading\">\n            <h2><span>Nasze<\/span> oferty pracy<\/h2>\n            <p>\n                Alta\u00efr zatrudnia <strong>450 pracownik\u00f3w<\/strong>, kt\u00f3rzy stanowi\u0105 podstawowy czynnik rozwoju i powodzenia grupy. Co roku rekrutujemy nowe utalentowane osoby, by rozwija\u0107 nasze zespo\u0142y z\u0142o\u017cone z ludzi pe\u0142nych pasji i zaanga\u017cowania. Tutaj znajdziesz wszystkie aktualnie dost\u0119pne stanowiska.            <\/p>        <\/div>\n\n                    <div class=\"dropdowns__filter-wrapper\">\n                <select id=\"job-filter\" class=\"cta job-select\">\n                    <option value=\"all\">Rodzaj umowy<\/option>\n                                    <\/select>\n            <\/div>\n\n        <div class=\"dropdowns__list\">\n                            <p>Brak dost\u0119pnych ofert pracy w tej chwili.<\/p>\n                    <\/div>\n\n                    <a href=\"https:\/\/groupe-altair.com\/pl\/kontakt\/\" class=\"cta\"\n               target=\"_self\">\n                Wy\u015blij podanie            <\/a>\n        \n        \n\n    <\/div>\n<\/section><\/div><\/div>\n","protected":false},"excerpt":{"rendered":"","protected":false},"author":1,"featured_media":0,"parent":0,"menu_order":0,"comment_status":"closed","ping_status":"closed","template":"","meta":{"_acf_changed":false,"footnotes":""},"class_list":["post-4176","page","type-page","status-publish","hentry"],"acf":[],"yoast_head":"<!-- This site is optimized with the Yoast SEO plugin v27.3 - https:\/\/yoast.com\/product\/yoast-seo-wordpress\/ -->\n<title>Pracownicy - Groupe Alta\u00efr<\/title>\n<meta name=\"robots\" content=\"index, follow, max-snippet:-1, max-image-preview:large, max-video-preview:-1\" \/>\n<link rel=\"canonical\" href=\"https:\/\/groupe-altair.com\/pl\/pracownicy\/\" \/>\n<meta property=\"og:locale\" content=\"pl_PL\" \/>\n<meta property=\"og:type\" content=\"article\" \/>\n<meta property=\"og:title\" content=\"Pracownicy - Groupe Alta\u00efr\" \/>\n<meta property=\"og:url\" content=\"https:\/\/groupe-altair.com\/pl\/pracownicy\/\" \/>\n<meta property=\"og:site_name\" content=\"Groupe Alta\u00efr\" \/>\n<meta property=\"article:modified_time\" content=\"2026-02-09T10:29:00+00:00\" \/>\n<meta name=\"twitter:card\" content=\"summary_large_image\" \/>\n<script type=\"application\/ld+json\" class=\"yoast-schema-graph\">{\"@context\":\"https:\\\/\\\/schema.org\",\"@graph\":[{\"@type\":\"WebPage\",\"@id\":\"https:\\\/\\\/groupe-altair.com\\\/pl\\\/pracownicy\\\/\",\"url\":\"https:\\\/\\\/groupe-altair.com\\\/pl\\\/pracownicy\\\/\",\"name\":\"Pracownicy - Groupe Alta\u00efr\",\"isPartOf\":{\"@id\":\"https:\\\/\\\/groupe-altair.com\\\/pl\\\/#website\"},\"datePublished\":\"2025-10-22T10:56:37+00:00\",\"dateModified\":\"2026-02-09T10:29:00+00:00\",\"breadcrumb\":{\"@id\":\"https:\\\/\\\/groupe-altair.com\\\/pl\\\/pracownicy\\\/#breadcrumb\"},\"inLanguage\":\"pl-PL\",\"potentialAction\":[{\"@type\":\"ReadAction\",\"target\":[\"https:\\\/\\\/groupe-altair.com\\\/pl\\\/pracownicy\\\/\"]}]},{\"@type\":\"BreadcrumbList\",\"@id\":\"https:\\\/\\\/groupe-altair.com\\\/pl\\\/pracownicy\\\/#breadcrumb\",\"itemListElement\":[{\"@type\":\"ListItem\",\"position\":1,\"name\":\"Start\",\"item\":\"https:\\\/\\\/groupe-altair.com\\\/pl\\\/\"},{\"@type\":\"ListItem\",\"position\":2,\"name\":\"Pracownicy\"}]},{\"@type\":\"WebSite\",\"@id\":\"https:\\\/\\\/groupe-altair.com\\\/pl\\\/#website\",\"url\":\"https:\\\/\\\/groupe-altair.com\\\/pl\\\/\",\"name\":\"Alta\u00efr\",\"description\":\"Clean The Right Way\",\"publisher\":{\"@id\":\"https:\\\/\\\/groupe-altair.com\\\/pl\\\/#organization\"},\"potentialAction\":[{\"@type\":\"SearchAction\",\"target\":{\"@type\":\"EntryPoint\",\"urlTemplate\":\"https:\\\/\\\/groupe-altair.com\\\/pl\\\/?s={search_term_string}\"},\"query-input\":{\"@type\":\"PropertyValueSpecification\",\"valueRequired\":true,\"valueName\":\"search_term_string\"}}],\"inLanguage\":\"pl-PL\"},{\"@type\":\"Organization\",\"@id\":\"https:\\\/\\\/groupe-altair.com\\\/pl\\\/#organization\",\"name\":\"Alta\u00efr\",\"url\":\"https:\\\/\\\/groupe-altair.com\\\/pl\\\/\",\"logo\":{\"@type\":\"ImageObject\",\"inLanguage\":\"pl-PL\",\"@id\":\"https:\\\/\\\/groupe-altair.com\\\/pl\\\/#\\\/schema\\\/logo\\\/image\\\/\",\"url\":\"https:\\\/\\\/groupe-altair.com\\\/wp-content\\\/uploads\\\/2025\\\/11\\\/altair-logo-slogan.svg\",\"contentUrl\":\"https:\\\/\\\/groupe-altair.com\\\/wp-content\\\/uploads\\\/2025\\\/11\\\/altair-logo-slogan.svg\",\"width\":132,\"height\":71,\"caption\":\"Alta\u00efr\"},\"image\":{\"@id\":\"https:\\\/\\\/groupe-altair.com\\\/pl\\\/#\\\/schema\\\/logo\\\/image\\\/\"}}]}<\/script>\n<!-- \/ Yoast SEO plugin. -->","yoast_head_json":{"title":"Pracownicy - Groupe Alta\u00efr","robots":{"index":"index","follow":"follow","max-snippet":"max-snippet:-1","max-image-preview":"max-image-preview:large","max-video-preview":"max-video-preview:-1"},"canonical":"https:\/\/groupe-altair.com\/pl\/pracownicy\/","og_locale":"pl_PL","og_type":"article","og_title":"Pracownicy - Groupe Alta\u00efr","og_url":"https:\/\/groupe-altair.com\/pl\/pracownicy\/","og_site_name":"Groupe Alta\u00efr","article_modified_time":"2026-02-09T10:29:00+00:00","twitter_card":"summary_large_image","schema":{"@context":"https:\/\/schema.org","@graph":[{"@type":"WebPage","@id":"https:\/\/groupe-altair.com\/pl\/pracownicy\/","url":"https:\/\/groupe-altair.com\/pl\/pracownicy\/","name":"Pracownicy - Groupe Alta\u00efr","isPartOf":{"@id":"https:\/\/groupe-altair.com\/pl\/#website"},"datePublished":"2025-10-22T10:56:37+00:00","dateModified":"2026-02-09T10:29:00+00:00","breadcrumb":{"@id":"https:\/\/groupe-altair.com\/pl\/pracownicy\/#breadcrumb"},"inLanguage":"pl-PL","potentialAction":[{"@type":"ReadAction","target":["https:\/\/groupe-altair.com\/pl\/pracownicy\/"]}]},{"@type":"BreadcrumbList","@id":"https:\/\/groupe-altair.com\/pl\/pracownicy\/#breadcrumb","itemListElement":[{"@type":"ListItem","position":1,"name":"Start","item":"https:\/\/groupe-altair.com\/pl\/"},{"@type":"ListItem","position":2,"name":"Pracownicy"}]},{"@type":"WebSite","@id":"https:\/\/groupe-altair.com\/pl\/#website","url":"https:\/\/groupe-altair.com\/pl\/","name":"Alta\u00efr","description":"Clean The Right Way","publisher":{"@id":"https:\/\/groupe-altair.com\/pl\/#organization"},"potentialAction":[{"@type":"SearchAction","target":{"@type":"EntryPoint","urlTemplate":"https:\/\/groupe-altair.com\/pl\/?s={search_term_string}"},"query-input":{"@type":"PropertyValueSpecification","valueRequired":true,"valueName":"search_term_string"}}],"inLanguage":"pl-PL"},{"@type":"Organization","@id":"https:\/\/groupe-altair.com\/pl\/#organization","name":"Alta\u00efr","url":"https:\/\/groupe-altair.com\/pl\/","logo":{"@type":"ImageObject","inLanguage":"pl-PL","@id":"https:\/\/groupe-altair.com\/pl\/#\/schema\/logo\/image\/","url":"https:\/\/groupe-altair.com\/wp-content\/uploads\/2025\/11\/altair-logo-slogan.svg","contentUrl":"https:\/\/groupe-altair.com\/wp-content\/uploads\/2025\/11\/altair-logo-slogan.svg","width":132,"height":71,"caption":"Alta\u00efr"},"image":{"@id":"https:\/\/groupe-altair.com\/pl\/#\/schema\/logo\/image\/"}}]}},"_links":{"self":[{"href":"https:\/\/groupe-altair.com\/pl\/wp-json\/wp\/v2\/pages\/4176","targetHints":{"allow":["GET"]}}],"collection":[{"href":"https:\/\/groupe-altair.com\/pl\/wp-json\/wp\/v2\/pages"}],"about":[{"href":"https:\/\/groupe-altair.com\/pl\/wp-json\/wp\/v2\/types\/page"}],"author":[{"embeddable":true,"href":"https:\/\/groupe-altair.com\/pl\/wp-json\/wp\/v2\/users\/1"}],"replies":[{"embeddable":true,"href":"https:\/\/groupe-altair.com\/pl\/wp-json\/wp\/v2\/comments?post=4176"}],"version-history":[{"count":4,"href":"https:\/\/groupe-altair.com\/pl\/wp-json\/wp\/v2\/pages\/4176\/revisions"}],"predecessor-version":[{"id":4591,"href":"https:\/\/groupe-altair.com\/pl\/wp-json\/wp\/v2\/pages\/4176\/revisions\/4591"}],"wp:attachment":[{"href":"https:\/\/groupe-altair.com\/pl\/wp-json\/wp\/v2\/media?parent=4176"}],"curies":[{"name":"wp","href":"https:\/\/api.w.org\/{rel}","templated":true}]}}