{"id":4207,"date":"2025-10-22T12:52:13","date_gmt":"2025-10-22T10:52:13","guid":{"rendered":"https:\/\/groupe-altair.com\/accueil\/"},"modified":"2026-04-17T15:01:57","modified_gmt":"2026-04-17T13:01:57","slug":"accueil","status":"publish","type":"page","link":"https:\/\/groupe-altair.com\/pl\/","title":{"rendered":"Start"},"content":{"rendered":"    <section class=\"brands\">\n                    <div class=\"brands__title row\">\n                                    <h2><strong>Marki<\/strong><\/h2>\n                                                    <p>Grupa Alta\u00efr pragnie przekszta\u0142ci\u0107 ka\u017cdy dom w harmonijn\u0105, zdrow\u0105 i zr\u00f3wnowa\u017con\u0105 przestrze\u0144. W ramach naszych s\u0142ynnych marek opracowujemy rozwi\u0105zania, kt\u00f3re \u0142\u0105cz\u0105 innowacyjno\u015b\u0107, skuteczno\u015b\u0107 i poszanowanie dla \u015brodowiska. Jednocze\u015bnie oferuj\u0105 one wysok\u0105 jako\u015b\u0107 i umo\u017cliwiaj\u0105 odpowiedzialn\u0105 piel\u0119gnacj\u0119.<\/p>\n                            <\/div>\n        \n        <div class=\"brands__wrapper\">\n            <div class=\"brands__inner brands__inner--first\">\n                                    <figure class=\"brand\">\n                        <img decoding=\"async\" src=\"https:\/\/groupe-altair.com\/wp-content\/uploads\/2025\/10\/logo-starwax.svg\" alt=\"Logo de starwax\">\n                    <\/figure>\n                                    <figure class=\"brand\">\n                        <img decoding=\"async\" src=\"https:\/\/groupe-altair.com\/wp-content\/uploads\/2025\/10\/logo-briochin.svg\" alt=\"Logo de briochin\">\n                    <\/figure>\n                                    <figure class=\"brand\">\n                        <img decoding=\"async\" src=\"https:\/\/groupe-altair.com\/wp-content\/uploads\/2025\/10\/logo-marcels-green-soap.svg\" alt=\"Logo de marcels-green-soap\">\n                    <\/figure>\n                                    <figure class=\"brand\">\n                        <img decoding=\"async\" src=\"https:\/\/groupe-altair.com\/wp-content\/uploads\/2025\/11\/logo_kpro.svg\" alt=\"Logo de kpro\">\n                    <\/figure>\n                            <\/div>\n\n            <div class=\"brands__inner brands__inner--grid\">\n                                    <figure class=\"brand\">\n                        <img decoding=\"async\" src=\"https:\/\/groupe-altair.com\/wp-content\/uploads\/2025\/10\/logo-sinto.svg\" alt=\"Logo de sinto\">\n                    <\/figure>\n                                    <figure class=\"brand\">\n                        <img decoding=\"async\" src=\"https:\/\/groupe-altair.com\/wp-content\/uploads\/2025\/10\/logo-oro.svg\" alt=\"Logo de oro\">\n                    <\/figure>\n                                    <figure class=\"brand\">\n                        <img decoding=\"async\" src=\"https:\/\/groupe-altair.com\/wp-content\/uploads\/2025\/10\/logo-tenn.svg\" alt=\"Logo de tenn\">\n                    <\/figure>\n                                    <figure class=\"brand\">\n                        <img decoding=\"async\" src=\"https:\/\/groupe-altair.com\/wp-content\/uploads\/2025\/11\/Logo-Harris.svg\" alt=\"Logo de  Harris\">\n                    <\/figure>\n                                    <figure class=\"brand\">\n                        <img decoding=\"async\" src=\"https:\/\/groupe-altair.com\/wp-content\/uploads\/2025\/11\/Logo_mistol.svg\" alt=\"Logo de mistol\">\n                    <\/figure>\n                            <\/div>\n        <\/div>\n    <\/section>\n\n\n<section class=\"slider\">\n    <div class=\"swiper\">\n        <div class=\"swiper-wrapper\">\n\n                                            <div class=\"slider__item swiper-slide slide-1 \" >\n                                            <img decoding=\"async\" src=\"https:\/\/groupe-altair.com\/wp-content\/uploads\/2025\/10\/altair-slider-briochin.webp\" alt=\"\" \/>\n                                        <div class=\"slider__content container\">\n                        <div class=\"row\">\n                            <div class=\"slider__text\">\n                                <h2>Nasze <strong>zobowi\u0105zania<\/strong><\/h2>\n                                <p>spo\u0142eczne, socjalne i \u015brodowiskowe opieraj\u0105 si\u0119 na trzech filarach:<\/p>\n                            <\/div>\n                            <div class=\"slider__buttons\">\n                                                                                                        <a href=\"https:\/\/groupe-altair.com\/pl\/nasze-zobowiazania\/#planety\" class=\"cta\" target=\"_self\"\n                                       style=\"--cta-color: #74903b\"                                    >\n                                        Planeta                                    <\/a>\n                                                                        <a href=\"https:\/\/groupe-altair.com\/pl\/nasze-zobowiazania\/#konsumentow\" class=\"cta\" target=\"_self\"\n                                       style=\"--cta-color: #74903b\"                                    >\n                                        Konsumenci                                    <\/a>\n                                                                        <a href=\"https:\/\/groupe-altair.com\/pl\/nasze-zobowiazania\/#pracownikow\" class=\"cta\" target=\"_self\"\n                                       style=\"--cta-color: #74903b\"                                    >\n                                        Pracownicy                                    <\/a>\n                                                                                                <\/div>\n                        <\/div>\n                    <\/div>\n                <\/div>\n                                <div class=\"slider__item swiper-slide slide-2 slide-gradient\" style=\"--color-start:#1851b3; --color-end:#0091d7\">\n                                        <div class=\"slider__content container\">\n                        <div class=\"row\">\n                            <div class=\"slider__text\">\n                                <h2><strong>Grupa<\/strong><\/h2>\n                                <p>Grupa Alta\u00efr ju\u017c od 1946 roku stara si\u0119 sprosta\u0107 potrzebom klient\u00f3w, dostarczaj\u0105c rozwi\u0105zania do upi\u0119kszania, dezynfekcji, ochrony i renowacji domu.<\/p>\n                            <\/div>\n                            <div class=\"slider__buttons\">\n                                                                                                        <a href=\"https:\/\/groupe-altair.com\/pl\/grupa\/\" class=\"cta\" target=\"_self\"\n                                       style=\"--cta-color: #009fe3\"                                    >\n                                        Dowiedz si\u0119 wi\u0119cej                                    <\/a>\n                                                                                                <\/div>\n                        <\/div>\n                    <\/div>\n                <\/div>\n                                <div class=\"slider__item swiper-slide slide-3 \" >\n                                            <img decoding=\"async\" src=\"https:\/\/groupe-altair.com\/wp-content\/uploads\/2025\/10\/altair-slider-badge.webp\" alt=\"\" \/>\n                                        <div class=\"slider__content container\">\n                        <div class=\"row\">\n                            <div class=\"slider__text\">\n                                <h2><strong>Pracownicy<\/strong><\/h2>\n                                <p>Firma Alta\u00efr zatrudnia 490 pracownik\u00f3w, kt\u00f3rzy przyczyniaj\u0105 si\u0119 do rozwoju i powodzenia ca\u0142ej grupy.<\/p>\n                            <\/div>\n                            <div class=\"slider__buttons\">\n                                                                                                        <a href=\"https:\/\/groupe-altair.com\/pl\/kontakt\/\" class=\"cta\" target=\"_self\"\n                                       style=\"--cta-color: #2d6579\"                                    >\n                                        Aplikuj                                    <\/a>\n                                                                                                <\/div>\n                        <\/div>\n                    <\/div>\n                <\/div>\n                                    <\/div>\n        <div class=\"container slider__nav\">\n            <div class=\"row\">\n                <div class=\"swiper-pagination\"><\/div>\n            <\/div>\n        <\/div>\n    <\/div>\n<\/section>\n\n<section class=\"news\">\n    <div class=\"news__title row\">\n        <h2><strong>Aktualno\u015bci<\/strong><\/h2>\n        <p>\n            Przeczytaj o firmie, naszych ostatnich innowacjach<br \/>\r\nlub wa\u017cnych wydarzeniach w grupie Alta\u00efr.        <\/p>\n    <\/div>\n\n    <div class=\"news__list swiper\">\n        <div class=\"swiper-wrapper\">\n                                <div class=\"swiper-slide\">\n                            <a href=\"https:\/\/groupe-altair.com\/pl\/altair-publikuje-nowy-raport-csr\/\" class=\"article cat-69\"\n       style=\"--cat-color: #68c2a8\">\n        <div class=\"article__container\">\n\n                            <figure>\n                    <img loading=\"lazy\" decoding=\"async\" width=\"1920\" height=\"1281\" src=\"https:\/\/groupe-altair.com\/wp-content\/uploads\/2025\/11\/altair-rapport-rse.webp\" class=\"attachment-full size-full wp-post-image\" alt=\"\" srcset=\"https:\/\/groupe-altair.com\/wp-content\/uploads\/2025\/11\/altair-rapport-rse.webp 1920w, https:\/\/groupe-altair.com\/wp-content\/uploads\/2025\/11\/altair-rapport-rse-300x200.webp 300w, https:\/\/groupe-altair.com\/wp-content\/uploads\/2025\/11\/altair-rapport-rse-1024x683.webp 1024w, https:\/\/groupe-altair.com\/wp-content\/uploads\/2025\/11\/altair-rapport-rse-768x512.webp 768w, https:\/\/groupe-altair.com\/wp-content\/uploads\/2025\/11\/altair-rapport-rse-1536x1025.webp 1536w\" sizes=\"auto, (max-width: 1920px) 100vw, 1920px\" \/>                <\/figure>\n            \n            <figcaption>\n                                    <span class=\"article__cat\" style=\"color: #68c2a8\">\n                        CSR                    <\/span>\n                \n                <div class=\"article__content\">\n                    <div class=\"article__title\">\n                        <span class=\"article__date\">2025-11-15<\/span>\n                        <h3>Alta\u00efr publikuje nowy raport CSR<\/h3>\n                        <span class=\"article__subtitle\"><\/span>\n                    <\/div>\n                    <button class=\"article__btn\">Czytaj wi\u0119cej<\/button>\n                <\/div>\n            <\/figcaption>\n        <\/div>\n    <\/a>\n                    <\/div>\n                                    <div class=\"swiper-slide\">\n                            <a href=\"https:\/\/groupe-altair.com\/pl\/starwax-wprowadza-na-rynek-pochlaniacze-zapachow\/\" class=\"article cat-65\"\n       style=\"--cat-color: #de9500\">\n        <div class=\"article__container\">\n\n                            <figure>\n                    <img loading=\"lazy\" decoding=\"async\" width=\"2560\" height=\"2560\" src=\"https:\/\/groupe-altair.com\/wp-content\/uploads\/2025\/11\/STARWAX-scaled.jpg\" class=\"attachment-full size-full wp-post-image\" alt=\"\" srcset=\"https:\/\/groupe-altair.com\/wp-content\/uploads\/2025\/11\/STARWAX-scaled.jpg 2560w, https:\/\/groupe-altair.com\/wp-content\/uploads\/2025\/11\/STARWAX-300x300.jpg 300w, https:\/\/groupe-altair.com\/wp-content\/uploads\/2025\/11\/STARWAX-1024x1024.jpg 1024w, https:\/\/groupe-altair.com\/wp-content\/uploads\/2025\/11\/STARWAX-150x150.jpg 150w, https:\/\/groupe-altair.com\/wp-content\/uploads\/2025\/11\/STARWAX-768x768.jpg 768w, https:\/\/groupe-altair.com\/wp-content\/uploads\/2025\/11\/STARWAX-1536x1536.jpg 1536w, https:\/\/groupe-altair.com\/wp-content\/uploads\/2025\/11\/STARWAX-2048x2048.jpg 2048w\" sizes=\"auto, (max-width: 2560px) 100vw, 2560px\" \/>                <\/figure>\n            \n            <figcaption>\n                                    <span class=\"article__cat\" style=\"color: #de9500\">\n                        Innowacyjno\u015b\u0107                    <\/span>\n                \n                <div class=\"article__content\">\n                    <div class=\"article__title\">\n                        <span class=\"article__date\">2025-11-14<\/span>\n                        <h3>Starwax wprowadza na rynek poch\u0142aniacze zapach\u00f3w<\/h3>\n                        <span class=\"article__subtitle\"><\/span>\n                    <\/div>\n                    <button class=\"article__btn\">Czytaj wi\u0119cej<\/button>\n                <\/div>\n            <\/figcaption>\n        <\/div>\n    <\/a>\n                    <\/div>\n                                    <div class=\"swiper-slide\">\n                            <a href=\"https:\/\/groupe-altair.com\/pl\/altair-zwieksza-swoje-zdolnosci-przemyslowe\/\" class=\"article cat-67\"\n       style=\"--cat-color: #dd7bb7\">\n        <div class=\"article__container\">\n\n                            <figure>\n                    <img loading=\"lazy\" decoding=\"async\" width=\"1600\" height=\"1067\" src=\"https:\/\/groupe-altair.com\/wp-content\/uploads\/2025\/11\/USINE.jpg\" class=\"attachment-full size-full wp-post-image\" alt=\"\" srcset=\"https:\/\/groupe-altair.com\/wp-content\/uploads\/2025\/11\/USINE.jpg 1600w, https:\/\/groupe-altair.com\/wp-content\/uploads\/2025\/11\/USINE-300x200.jpg 300w, https:\/\/groupe-altair.com\/wp-content\/uploads\/2025\/11\/USINE-1024x683.jpg 1024w, https:\/\/groupe-altair.com\/wp-content\/uploads\/2025\/11\/USINE-768x512.jpg 768w, https:\/\/groupe-altair.com\/wp-content\/uploads\/2025\/11\/USINE-1536x1024.jpg 1536w\" sizes=\"auto, (max-width: 1600px) 100vw, 1600px\" \/>                <\/figure>\n            \n            <figcaption>\n                                    <span class=\"article__cat\" style=\"color: #dd7bb7\">\n                        z \u017cycia przedsi\u0119biorstwa                    <\/span>\n                \n                <div class=\"article__content\">\n                    <div class=\"article__title\">\n                        <span class=\"article__date\">2025-11-13<\/span>\n                        <h3>Alta\u00efr zwi\u0119ksza swoje zdolno\u015bci przemys\u0142owe<\/h3>\n                        <span class=\"article__subtitle\"><\/span>\n                    <\/div>\n                    <button class=\"article__btn\">Czytaj wi\u0119cej<\/button>\n                <\/div>\n            <\/figcaption>\n        <\/div>\n    <\/a>\n                    <\/div>\n                                    <div class=\"swiper-slide\">\n                            <a href=\"https:\/\/groupe-altair.com\/pl\/marka-k-pro-wprowadza-na-rynek-pulapke-hexa-trap\/\" class=\"article cat-65\"\n       style=\"--cat-color: #de9500\">\n        <div class=\"article__container\">\n\n                            <figure>\n                    <img loading=\"lazy\" decoding=\"async\" width=\"2000\" height=\"2000\" src=\"https:\/\/groupe-altair.com\/wp-content\/uploads\/2025\/11\/K.PRO_.jpg\" class=\"attachment-full size-full wp-post-image\" alt=\"\" srcset=\"https:\/\/groupe-altair.com\/wp-content\/uploads\/2025\/11\/K.PRO_.jpg 2000w, https:\/\/groupe-altair.com\/wp-content\/uploads\/2025\/11\/K.PRO_-300x300.jpg 300w, https:\/\/groupe-altair.com\/wp-content\/uploads\/2025\/11\/K.PRO_-1024x1024.jpg 1024w, https:\/\/groupe-altair.com\/wp-content\/uploads\/2025\/11\/K.PRO_-150x150.jpg 150w, https:\/\/groupe-altair.com\/wp-content\/uploads\/2025\/11\/K.PRO_-768x768.jpg 768w, https:\/\/groupe-altair.com\/wp-content\/uploads\/2025\/11\/K.PRO_-1536x1536.jpg 1536w\" sizes=\"auto, (max-width: 2000px) 100vw, 2000px\" \/>                <\/figure>\n            \n            <figcaption>\n                                    <span class=\"article__cat\" style=\"color: #de9500\">\n                        Innowacyjno\u015b\u0107                    <\/span>\n                \n                <div class=\"article__content\">\n                    <div class=\"article__title\">\n                        <span class=\"article__date\">2025-11-13<\/span>\n                        <h3>marka K.PRO wprowadza na rynek pu\u0142apk\u0119 Hexa Trap<\/h3>\n                        <span class=\"article__subtitle\"><\/span>\n                    <\/div>\n                    <button class=\"article__btn\">Czytaj wi\u0119cej<\/button>\n                <\/div>\n            <\/figcaption>\n        <\/div>\n    <\/a>\n                    <\/div>\n                        <\/div>\n\n        <div class=\"swiper-nav\">\n            <div class=\"swiper-button-prev swiper-arrow\"><\/div>\n            <div class=\"swiper-button-next swiper-arrow\"><\/div>\n        <\/div>\n    <\/div>\n<\/section>\n\n<section class=\"keys\">\n\n            <div class=\"keys__title row\">\n            <h2>Najwa\u017cniejsze liczby <\/h2>\n        <\/div>\n        <div class=\"keys__list row\">\n\n                                    <div class=\"key\">\n                    <div class=\"key__number\" data-number=\"190\">\n                        <span>0<\/span> mln obrotu<br \/>\r\n<strong>w 2025 roku<\/strong>                    <\/div>\n                <\/div>\n\n                            <div class=\"key\">\n                    <div class=\"key__number\" data-number=\"9\">\n                        <span>0<\/span><br \/>\r\n<strong>marek<\/strong>                    <\/div>\n                <\/div>\n\n                            <div class=\"key\">\n                    <div class=\"key__number\" data-number=\"45\">\n                        Obecno\u015b\u0107 w<br \/>\r\n<span>0<\/span> <strong>krajach<\/strong>                    <\/div>\n                <\/div>\n\n                            <div class=\"key\">\n                    <div class=\"key__number\" data-number=\"3\">\n                        <span>0<\/span> zak\u0142ady<br \/>\r\n<strong>produkcyjne<\/strong>                    <\/div>\n                <\/div>\n\n                            <div class=\"key\">\n                    <div class=\"key__number\" data-number=\"490\">\n                        <span>0<\/span><br \/>\r\n<strong>pracownik\u00f3w<\/strong>                    <\/div>\n                <\/div>\n\n                        <\/div>\n<\/section>","protected":false},"excerpt":{"rendered":"","protected":false},"author":1,"featured_media":0,"parent":0,"menu_order":0,"comment_status":"closed","ping_status":"closed","template":"","meta":{"_acf_changed":false,"footnotes":""},"class_list":["post-4207","page","type-page","status-publish","hentry"],"acf":[],"yoast_head":"<!-- This site is optimized with the Yoast SEO plugin v27.4 - https:\/\/yoast.com\/product\/yoast-seo-wordpress\/ -->\n<title>Start - Groupe Alta\u00efr<\/title>\n<meta name=\"robots\" content=\"index, follow, max-snippet:-1, max-image-preview:large, max-video-preview:-1\" \/>\n<link rel=\"canonical\" href=\"https:\/\/groupe-altair.com\/pl\/\" \/>\n<meta property=\"og:locale\" content=\"pl_PL\" \/>\n<meta property=\"og:type\" content=\"article\" \/>\n<meta property=\"og:title\" content=\"Start - Groupe Alta\u00efr\" \/>\n<meta property=\"og:url\" content=\"https:\/\/groupe-altair.com\/pl\/\" \/>\n<meta property=\"og:site_name\" content=\"Groupe Alta\u00efr\" \/>\n<meta property=\"article:modified_time\" content=\"2026-04-17T13:01:57+00:00\" \/>\n<meta name=\"twitter:card\" content=\"summary_large_image\" \/>\n<script type=\"application\/ld+json\" class=\"yoast-schema-graph\">{\"@context\":\"https:\\\/\\\/schema.org\",\"@graph\":[{\"@type\":\"WebPage\",\"@id\":\"https:\\\/\\\/groupe-altair.com\\\/pl\\\/\",\"url\":\"https:\\\/\\\/groupe-altair.com\\\/pl\\\/\",\"name\":\"Start - Groupe Alta\u00efr\",\"isPartOf\":{\"@id\":\"https:\\\/\\\/groupe-altair.com\\\/pl\\\/#website\"},\"datePublished\":\"2025-10-22T10:52:13+00:00\",\"dateModified\":\"2026-04-17T13:01:57+00:00\",\"breadcrumb\":{\"@id\":\"https:\\\/\\\/groupe-altair.com\\\/pl\\\/#breadcrumb\"},\"inLanguage\":\"pl-PL\",\"potentialAction\":[{\"@type\":\"ReadAction\",\"target\":[\"https:\\\/\\\/groupe-altair.com\\\/pl\\\/\"]}]},{\"@type\":\"BreadcrumbList\",\"@id\":\"https:\\\/\\\/groupe-altair.com\\\/pl\\\/#breadcrumb\",\"itemListElement\":[{\"@type\":\"ListItem\",\"position\":1,\"name\":\"Start\",\"item\":\"https:\\\/\\\/groupe-altair.com\\\/pl\\\/\"},{\"@type\":\"ListItem\",\"position\":2,\"name\":\"Start\"}]},{\"@type\":\"WebSite\",\"@id\":\"https:\\\/\\\/groupe-altair.com\\\/pl\\\/#website\",\"url\":\"https:\\\/\\\/groupe-altair.com\\\/pl\\\/\",\"name\":\"Alta\u00efr\",\"description\":\"Clean The Right Way\",\"publisher\":{\"@id\":\"https:\\\/\\\/groupe-altair.com\\\/pl\\\/#organization\"},\"potentialAction\":[{\"@type\":\"SearchAction\",\"target\":{\"@type\":\"EntryPoint\",\"urlTemplate\":\"https:\\\/\\\/groupe-altair.com\\\/pl\\\/?s={search_term_string}\"},\"query-input\":{\"@type\":\"PropertyValueSpecification\",\"valueRequired\":true,\"valueName\":\"search_term_string\"}}],\"inLanguage\":\"pl-PL\"},{\"@type\":\"Organization\",\"@id\":\"https:\\\/\\\/groupe-altair.com\\\/pl\\\/#organization\",\"name\":\"Alta\u00efr\",\"url\":\"https:\\\/\\\/groupe-altair.com\\\/pl\\\/\",\"logo\":{\"@type\":\"ImageObject\",\"inLanguage\":\"pl-PL\",\"@id\":\"https:\\\/\\\/groupe-altair.com\\\/pl\\\/#\\\/schema\\\/logo\\\/image\\\/\",\"url\":\"https:\\\/\\\/groupe-altair.com\\\/wp-content\\\/uploads\\\/2025\\\/11\\\/altair-logo-slogan.svg\",\"contentUrl\":\"https:\\\/\\\/groupe-altair.com\\\/wp-content\\\/uploads\\\/2025\\\/11\\\/altair-logo-slogan.svg\",\"width\":132,\"height\":71,\"caption\":\"Alta\u00efr\"},\"image\":{\"@id\":\"https:\\\/\\\/groupe-altair.com\\\/pl\\\/#\\\/schema\\\/logo\\\/image\\\/\"}}]}<\/script>\n<!-- \/ Yoast SEO plugin. -->","yoast_head_json":{"title":"Start - Groupe Alta\u00efr","robots":{"index":"index","follow":"follow","max-snippet":"max-snippet:-1","max-image-preview":"max-image-preview:large","max-video-preview":"max-video-preview:-1"},"canonical":"https:\/\/groupe-altair.com\/pl\/","og_locale":"pl_PL","og_type":"article","og_title":"Start - Groupe Alta\u00efr","og_url":"https:\/\/groupe-altair.com\/pl\/","og_site_name":"Groupe Alta\u00efr","article_modified_time":"2026-04-17T13:01:57+00:00","twitter_card":"summary_large_image","schema":{"@context":"https:\/\/schema.org","@graph":[{"@type":"WebPage","@id":"https:\/\/groupe-altair.com\/pl\/","url":"https:\/\/groupe-altair.com\/pl\/","name":"Start - Groupe Alta\u00efr","isPartOf":{"@id":"https:\/\/groupe-altair.com\/pl\/#website"},"datePublished":"2025-10-22T10:52:13+00:00","dateModified":"2026-04-17T13:01:57+00:00","breadcrumb":{"@id":"https:\/\/groupe-altair.com\/pl\/#breadcrumb"},"inLanguage":"pl-PL","potentialAction":[{"@type":"ReadAction","target":["https:\/\/groupe-altair.com\/pl\/"]}]},{"@type":"BreadcrumbList","@id":"https:\/\/groupe-altair.com\/pl\/#breadcrumb","itemListElement":[{"@type":"ListItem","position":1,"name":"Start","item":"https:\/\/groupe-altair.com\/pl\/"},{"@type":"ListItem","position":2,"name":"Start"}]},{"@type":"WebSite","@id":"https:\/\/groupe-altair.com\/pl\/#website","url":"https:\/\/groupe-altair.com\/pl\/","name":"Alta\u00efr","description":"Clean The Right Way","publisher":{"@id":"https:\/\/groupe-altair.com\/pl\/#organization"},"potentialAction":[{"@type":"SearchAction","target":{"@type":"EntryPoint","urlTemplate":"https:\/\/groupe-altair.com\/pl\/?s={search_term_string}"},"query-input":{"@type":"PropertyValueSpecification","valueRequired":true,"valueName":"search_term_string"}}],"inLanguage":"pl-PL"},{"@type":"Organization","@id":"https:\/\/groupe-altair.com\/pl\/#organization","name":"Alta\u00efr","url":"https:\/\/groupe-altair.com\/pl\/","logo":{"@type":"ImageObject","inLanguage":"pl-PL","@id":"https:\/\/groupe-altair.com\/pl\/#\/schema\/logo\/image\/","url":"https:\/\/groupe-altair.com\/wp-content\/uploads\/2025\/11\/altair-logo-slogan.svg","contentUrl":"https:\/\/groupe-altair.com\/wp-content\/uploads\/2025\/11\/altair-logo-slogan.svg","width":132,"height":71,"caption":"Alta\u00efr"},"image":{"@id":"https:\/\/groupe-altair.com\/pl\/#\/schema\/logo\/image\/"}}]}},"_links":{"self":[{"href":"https:\/\/groupe-altair.com\/pl\/wp-json\/wp\/v2\/pages\/4207","targetHints":{"allow":["GET"]}}],"collection":[{"href":"https:\/\/groupe-altair.com\/pl\/wp-json\/wp\/v2\/pages"}],"about":[{"href":"https:\/\/groupe-altair.com\/pl\/wp-json\/wp\/v2\/types\/page"}],"author":[{"embeddable":true,"href":"https:\/\/groupe-altair.com\/pl\/wp-json\/wp\/v2\/users\/1"}],"replies":[{"embeddable":true,"href":"https:\/\/groupe-altair.com\/pl\/wp-json\/wp\/v2\/comments?post=4207"}],"version-history":[{"count":3,"href":"https:\/\/groupe-altair.com\/pl\/wp-json\/wp\/v2\/pages\/4207\/revisions"}],"predecessor-version":[{"id":4734,"href":"https:\/\/groupe-altair.com\/pl\/wp-json\/wp\/v2\/pages\/4207\/revisions\/4734"}],"wp:attachment":[{"href":"https:\/\/groupe-altair.com\/pl\/wp-json\/wp\/v2\/media?parent=4207"}],"curies":[{"name":"wp","href":"https:\/\/api.w.org\/{rel}","templated":true}]}}